{"id":3,"date":"2025-02-25T19:29:10","date_gmt":"2025-02-25T19:29:10","guid":{"rendered":"https:\/\/proyectosjr.com\/wordpress\/?page_id=3"},"modified":"2026-01-09T20:06:27","modified_gmt":"2026-01-09T20:06:27","slug":"privacy-policy","status":"publish","type":"page","link":"https:\/\/proyectosjr.com\/index.php\/privacy-policy\/","title":{"rendered":"Aviso de privacidad"},"content":{"rendered":"\t\t<div data-elementor-type=\"wp-page\" data-elementor-id=\"3\" class=\"elementor elementor-3\">\n\t\t\t\t<div class=\"elementor-element elementor-element-5e88c368 e-flex e-con-boxed wpr-particle-no wpr-jarallax-no wpr-parallax-no wpr-sticky-section-no e-con e-parent\" data-id=\"5e88c368\" data-element_type=\"container\">\n\t\t\t\t\t<div class=\"e-con-inner\">\n\t\t\t\t<div class=\"elementor-element elementor-element-63ebeafb elementor-widget elementor-widget-text-editor\" data-id=\"63ebeafb\" data-element_type=\"widget\" data-widget_type=\"text-editor.default\">\n\t\t\t\t<div class=\"elementor-widget-container\">\n\t\t\t\t\t\t\t\t\t\n<h2 class=\"wp-block-heading\" data-start=\"238\" data-end=\"260\">AVISO DE PRIVACIDAD<\/h2>\n<p data-start=\"262\" data-end=\"418\"><strong data-start=\"262\" data-end=\"278\">JR Proyectos<\/strong>, con sitio web <strong data-start=\"294\" data-end=\"317\"><a class=\"decorated-link\" href=\"http:\/\/www.proyectosjr.com\" target=\"_new\" rel=\"noopener\" data-start=\"296\" data-end=\"315\">www.proyectosjr.com<\/a><\/strong>, es responsable del uso y protecci\u00f3n de sus datos personales, y al respecto le informa lo siguiente:<\/p>\n<h3 data-start=\"420\" data-end=\"460\">1. Datos personales que se recaban<\/h3>\n<p data-start=\"461\" data-end=\"581\">Los datos personales que podemos solicitar a trav\u00e9s de nuestro sitio web, correo electr\u00f3nico o cualquier otro medio son:<\/p>\n<ul data-start=\"583\" data-end=\"706\">\n<li data-start=\"583\" data-end=\"602\">\n<p data-start=\"585\" data-end=\"602\">Nombre completo<\/p>\n<\/li>\n<li data-start=\"603\" data-end=\"615\">\n<p data-start=\"605\" data-end=\"615\">Tel\u00e9fono<\/p>\n<\/li>\n<li data-start=\"616\" data-end=\"638\">\n<p data-start=\"618\" data-end=\"638\">Correo electr\u00f3nico<\/p>\n<\/li>\n<li data-start=\"639\" data-end=\"706\">\n<p data-start=\"641\" data-end=\"706\">Informaci\u00f3n necesaria para cotizaci\u00f3n o contrataci\u00f3n de seguros<\/p>\n<\/li>\n<\/ul>\n<p data-start=\"708\" data-end=\"767\">No recabamos datos sensibles sin su consentimiento expreso.<\/p>\n<h3 data-start=\"769\" data-end=\"816\">2. Finalidad del tratamiento de los datos<\/h3>\n<p data-start=\"817\" data-end=\"901\">Los datos personales que recabamos ser\u00e1n utilizados para las siguientes finalidades:<\/p>\n<ul data-start=\"903\" data-end=\"1145\">\n<li data-start=\"903\" data-end=\"962\">\n<p data-start=\"905\" data-end=\"962\">Proveer informaci\u00f3n, asesor\u00eda y cotizaciones de seguros<\/p>\n<\/li>\n<li data-start=\"963\" data-end=\"1017\">\n<p data-start=\"965\" data-end=\"1017\">Dar seguimiento a solicitudes, dudas o comentarios<\/p>\n<\/li>\n<li data-start=\"1018\" data-end=\"1092\">\n<p data-start=\"1020\" data-end=\"1092\">Contactarlo para fines comerciales relacionados con nuestros servicios<\/p>\n<\/li>\n<li data-start=\"1093\" data-end=\"1145\">\n<p data-start=\"1095\" data-end=\"1145\">Cumplir con obligaciones legales y contractuales<\/p>\n<\/li>\n<\/ul>\n<h3 data-start=\"1147\" data-end=\"1185\">3. Protecci\u00f3n y confidencialidad<\/h3>\n<p data-start=\"1186\" data-end=\"1447\">JR Proyectos se compromete a que los datos personales proporcionados sean tratados bajo estrictas medidas de seguridad administrativas, t\u00e9cnicas y f\u00edsicas, evitando su da\u00f1o, p\u00e9rdida, alteraci\u00f3n, destrucci\u00f3n o uso no autorizado. Aqu\u00ed no jugamos con la confianza.<\/p>\n<h3 data-start=\"1449\" data-end=\"1480\">4. Transferencia de datos<\/h3>\n<p data-start=\"1481\" data-end=\"1663\">Sus datos personales no ser\u00e1n compartidos con terceros sin su consentimiento, salvo en los casos legalmente previstos o cuando sea necesario para la correcta prestaci\u00f3n del servicio.<\/p>\n<h3 data-start=\"1665\" data-end=\"1687\">5. Derechos ARCO<\/h3>\n<p data-start=\"1688\" data-end=\"1865\">Usted tiene derecho a <strong data-start=\"1710\" data-end=\"1754\">Acceder, Rectificar, Cancelar u Oponerse<\/strong> al tratamiento de sus datos personales (Derechos ARCO). Para ejercerlos, puede enviar una solicitud al correo:<\/p>\n<p data-start=\"1867\" data-end=\"1898\">\ud83d\udce9 <strong data-start=\"1870\" data-end=\"1898\"><a class=\"decorated-link cursor-pointer\" rel=\"noopener\" data-start=\"1872\" data-end=\"1896\">contacto@proyectosjr.com<\/a><\/strong><\/p>\n<p data-start=\"1900\" data-end=\"2003\">Incluyendo su nombre completo, medio de contacto y una descripci\u00f3n clara del derecho que desea ejercer.<\/p>\n<h3 data-start=\"2005\" data-end=\"2044\">6. Cambios al aviso de privacidad<\/h3>\n<p data-start=\"2045\" data-end=\"2225\">JR Proyectos se reserva el derecho de modificar o actualizar este Aviso de Privacidad en cualquier momento. Cualquier cambio ser\u00e1 publicado en el sitio web <strong data-start=\"2201\" data-end=\"2224\"><a class=\"decorated-link\" href=\"http:\/\/www.proyectosjr.com\" target=\"_new\" rel=\"noopener\" data-start=\"2203\" data-end=\"2222\">www.proyectosjr.com<\/a><\/strong>.<\/p>\n<h3 data-start=\"2227\" data-end=\"2250\">7. Consentimiento<\/h3>\n<p data-start=\"2251\" data-end=\"2375\">Al proporcionar sus datos personales a trav\u00e9s de este sitio web, usted acepta los t\u00e9rminos del presente Aviso de Privacidad.<\/p>\t\t\t\t\t\t\t\t<\/div>\n\t\t\t\t<\/div>\n\t\t\t\t\t<\/div>\n\t\t\t\t<\/div>\n\t\t\t\t<\/div>\n\t\t","protected":false},"excerpt":{"rendered":"<p>AVISO DE PRIVACIDAD JR Proyectos, con sitio web www.proyectosjr.com, es responsable del uso y protecci\u00f3n de sus datos personales, y al respecto le informa lo siguiente: 1. Datos personales que se recaban Los datos personales que podemos solicitar a trav\u00e9s de nuestro sitio web, correo electr\u00f3nico o cualquier otro medio son: Nombre completo Tel\u00e9fono Correo electr\u00f3nico Informaci\u00f3n necesaria para cotizaci\u00f3n o contrataci\u00f3n de seguros No recabamos datos sensibles sin su consentimiento expreso. 2. Finalidad del tratamiento de los datos Los datos personales que recabamos ser\u00e1n utilizados para las siguientes finalidades: Proveer informaci\u00f3n, asesor\u00eda y cotizaciones de seguros Dar seguimiento a solicitudes, dudas o comentarios Contactarlo para fines comerciales relacionados con nuestros servicios Cumplir con obligaciones legales y contractuales 3. Protecci\u00f3n y confidencialidad JR Proyectos se compromete a que los datos personales proporcionados sean tratados bajo estrictas medidas de seguridad administrativas, t\u00e9cnicas y f\u00edsicas, evitando su da\u00f1o, p\u00e9rdida, alteraci\u00f3n, destrucci\u00f3n o uso no autorizado. Aqu\u00ed no jugamos con la confianza. 4. Transferencia de datos Sus datos personales no ser\u00e1n compartidos con terceros sin su consentimiento, salvo en los casos legalmente previstos o cuando sea necesario para la correcta prestaci\u00f3n del servicio. 5. Derechos ARCO Usted tiene derecho a Acceder, Rectificar, Cancelar u Oponerse al tratamiento de sus datos personales (Derechos ARCO). Para ejercerlos, puede enviar una solicitud al correo: \ud83d\udce9 contacto@proyectosjr.com Incluyendo su nombre completo, medio de contacto y una descripci\u00f3n clara del derecho que desea ejercer. 6. Cambios al aviso de privacidad JR Proyectos se reserva el derecho de modificar o actualizar este Aviso de Privacidad en cualquier momento. Cualquier cambio ser\u00e1 publicado en el sitio web www.proyectosjr.com. 7. Consentimiento Al proporcionar sus datos personales a trav\u00e9s de este sitio web, usted acepta los t\u00e9rminos del presente Aviso de Privacidad.<\/p>\n","protected":false},"author":1,"featured_media":0,"parent":0,"menu_order":0,"comment_status":"closed","ping_status":"closed","template":"","meta":{"footnotes":""},"class_list":["post-3","page","type-page","status-publish","hentry"],"_links":{"self":[{"href":"https:\/\/proyectosjr.com\/index.php\/wp-json\/wp\/v2\/pages\/3","targetHints":{"allow":["GET"]}}],"collection":[{"href":"https:\/\/proyectosjr.com\/index.php\/wp-json\/wp\/v2\/pages"}],"about":[{"href":"https:\/\/proyectosjr.com\/index.php\/wp-json\/wp\/v2\/types\/page"}],"author":[{"embeddable":true,"href":"https:\/\/proyectosjr.com\/index.php\/wp-json\/wp\/v2\/users\/1"}],"replies":[{"embeddable":true,"href":"https:\/\/proyectosjr.com\/index.php\/wp-json\/wp\/v2\/comments?post=3"}],"version-history":[{"count":4,"href":"https:\/\/proyectosjr.com\/index.php\/wp-json\/wp\/v2\/pages\/3\/revisions"}],"predecessor-version":[{"id":2443,"href":"https:\/\/proyectosjr.com\/index.php\/wp-json\/wp\/v2\/pages\/3\/revisions\/2443"}],"wp:attachment":[{"href":"https:\/\/proyectosjr.com\/index.php\/wp-json\/wp\/v2\/media?parent=3"}],"curies":[{"name":"wp","href":"https:\/\/api.w.org\/{rel}","templated":true}]}}