{"id":2424,"date":"2026-01-08T22:29:05","date_gmt":"2026-01-08T22:29:05","guid":{"rendered":"https:\/\/proyectosjr.com\/wordpress\/?page_id=2424"},"modified":"2026-01-08T22:35:14","modified_gmt":"2026-01-08T22:35:14","slug":"seguro-de-gmm-en-exceso","status":"publish","type":"page","link":"https:\/\/proyectosjr.com\/index.php\/seguro-de-gmm-en-exceso\/","title":{"rendered":"Seguro de GMM en exceso"},"content":{"rendered":"\t\t<div data-elementor-type=\"wp-page\" data-elementor-id=\"2424\" class=\"elementor elementor-2424\">\n\t\t\t\t<div class=\"elementor-element elementor-element-2841fb7 e-flex e-con-boxed wpr-particle-no wpr-jarallax-no wpr-parallax-no wpr-sticky-section-no e-con e-parent\" data-id=\"2841fb7\" data-element_type=\"container\">\n\t\t\t\t\t<div class=\"e-con-inner\">\n\t\t<div class=\"elementor-element elementor-element-fac288d e-con-full e-flex wpr-particle-no wpr-jarallax-no wpr-parallax-no wpr-sticky-section-no e-con e-child\" data-id=\"fac288d\" data-element_type=\"container\">\n\t\t\t\t<div class=\"elementor-element elementor-element-da85520 elementor-widget elementor-widget-heading\" data-id=\"da85520\" data-element_type=\"widget\" data-widget_type=\"heading.default\">\n\t\t\t\t<div class=\"elementor-widget-container\">\n\t\t\t\t\t<h2 class=\"elementor-heading-title elementor-size-default\">Seguro de GMM en exceso<\/h2>\t\t\t\t<\/div>\n\t\t\t\t<\/div>\n\t\t\t\t<div class=\"elementor-element elementor-element-0488bbf elementor-widget elementor-widget-text-editor\" data-id=\"0488bbf\" data-element_type=\"widget\" data-widget_type=\"text-editor.default\">\n\t\t\t\t<div class=\"elementor-widget-container\">\n\t\t\t\t\t\t\t\t\t<p>Un seguro de gastos m\u00e9dicos mayores con \u00abdeducible en exceso\u00bb no es un producto est\u00e1ndar, sino que se refiere a la p\u00f3liza de exceso que complementa tu seguro principal cuando los gastos superan el l\u00edmite contratado. Allianz maneja sus seguros de gastos m\u00e9dicos mayores con un deducible y coaseguro, y una p\u00f3liza de exceso entrar\u00eda en acci\u00f3n si los costos sobrepasan la suma asegurada principal.<\/p><p><strong>C\u00f3mo funciona un seguro de gastos m\u00e9dicos mayores con p\u00f3liza de exceso<\/strong><\/p>\t\t\t\t\t\t\t\t<\/div>\n\t\t\t\t<\/div>\n\t\t\t\t<div class=\"elementor-element elementor-element-ea924c6 elementor-icon-list--layout-traditional elementor-list-item-link-full_width elementor-widget elementor-widget-icon-list\" data-id=\"ea924c6\" data-element_type=\"widget\" data-widget_type=\"icon-list.default\">\n\t\t\t\t<div class=\"elementor-widget-container\">\n\t\t\t\t\t\t\t<ul class=\"elementor-icon-list-items\">\n\t\t\t\t\t\t\t<li class=\"elementor-icon-list-item\">\n\t\t\t\t\t\t\t\t\t\t\t<span class=\"elementor-icon-list-icon\">\n\t\t\t\t\t\t\t<svg aria-hidden=\"true\" class=\"e-font-icon-svg e-fas-circle\" viewBox=\"0 0 512 512\" xmlns=\"http:\/\/www.w3.org\/2000\/svg\"><path d=\"M256 8C119 8 8 119 8 256s111 248 248 248 248-111 248-248S393 8 256 8z\"><\/path><\/svg>\t\t\t\t\t\t<\/span>\n\t\t\t\t\t\t\t\t\t\t<span class=\"elementor-icon-list-text\">Deducible: Es una cantidad fija que t\u00fa pagas primero para que la aseguradora empiece a cubrir los gastos.<\/span>\n\t\t\t\t\t\t\t\t\t<\/li>\n\t\t\t\t\t\t\t\t<li class=\"elementor-icon-list-item\">\n\t\t\t\t\t\t\t\t\t\t\t<span class=\"elementor-icon-list-icon\">\n\t\t\t\t\t\t\t<svg aria-hidden=\"true\" class=\"e-font-icon-svg e-fas-circle\" viewBox=\"0 0 512 512\" xmlns=\"http:\/\/www.w3.org\/2000\/svg\"><path d=\"M256 8C119 8 8 119 8 256s111 248 248 248 248-111 248-248S393 8 256 8z\"><\/path><\/svg>\t\t\t\t\t\t<\/span>\n\t\t\t\t\t\t\t\t\t\t<span class=\"elementor-icon-list-text\">Coaseguro: Es un porcentaje de los gastos que t\u00fa pagas despu\u00e9s de haber cubierto el deducible. En el caso de Allianz, hay un tope m\u00e1ximo de coaseguro.<\/span>\n\t\t\t\t\t\t\t\t\t<\/li>\n\t\t\t\t\t\t\t\t<li class=\"elementor-icon-list-item\">\n\t\t\t\t\t\t\t\t\t\t\t<span class=\"elementor-icon-list-icon\">\n\t\t\t\t\t\t\t<svg aria-hidden=\"true\" class=\"e-font-icon-svg e-fas-circle\" viewBox=\"0 0 512 512\" xmlns=\"http:\/\/www.w3.org\/2000\/svg\"><path d=\"M256 8C119 8 8 119 8 256s111 248 248 248 248-111 248-248S393 8 256 8z\"><\/path><\/svg>\t\t\t\t\t\t<\/span>\n\t\t\t\t\t\t\t\t\t\t<span class=\"elementor-icon-list-text\">P\u00f3liza de exceso: Esta p\u00f3liza entra en vigor cuando los gastos m\u00e9dicos superan la suma asegurada de tu p\u00f3liza principal, complement\u00e1ndola en lugar de sustituirla.<\/span>\n\t\t\t\t\t\t\t\t\t<\/li>\n\t\t\t\t\t\t\t\t<li class=\"elementor-icon-list-item\">\n\t\t\t\t\t\t\t\t\t\t\t<span class=\"elementor-icon-list-icon\">\n\t\t\t\t\t\t\t<svg aria-hidden=\"true\" class=\"e-font-icon-svg e-fas-circle\" viewBox=\"0 0 512 512\" xmlns=\"http:\/\/www.w3.org\/2000\/svg\"><path d=\"M256 8C119 8 8 119 8 256s111 248 248 248 248-111 248-248S393 8 256 8z\"><\/path><\/svg>\t\t\t\t\t\t<\/span>\n\t\t\t\t\t\t\t\t\t\t<span class=\"elementor-icon-list-text\">Deducible en exceso: No existe un t\u00e9rmino com\u00fan de \"deducible en exceso\". Sin embargo, tu p\u00f3liza de exceso es la que aplica despu\u00e9s de que los gastos superan el l\u00edmite de tu p\u00f3liza de gastos m\u00e9dicos mayores.<\/span>\n\t\t\t\t\t\t\t\t\t<\/li>\n\t\t\t\t\t\t<\/ul>\n\t\t\t\t\t\t<\/div>\n\t\t\t\t<\/div>\n\t\t\t\t<div class=\"elementor-element elementor-element-fa5650d elementor-widget elementor-widget-text-editor\" data-id=\"fa5650d\" data-element_type=\"widget\" data-widget_type=\"text-editor.default\">\n\t\t\t\t<div class=\"elementor-widget-container\">\n\t\t\t\t\t\t\t\t\t<p><strong>Deducibilidad fiscal<\/strong><\/p>\t\t\t\t\t\t\t\t<\/div>\n\t\t\t\t<\/div>\n\t\t\t\t<div class=\"elementor-element elementor-element-20d479f elementor-icon-list--layout-traditional elementor-list-item-link-full_width elementor-widget elementor-widget-icon-list\" data-id=\"20d479f\" data-element_type=\"widget\" data-widget_type=\"icon-list.default\">\n\t\t\t\t<div class=\"elementor-widget-container\">\n\t\t\t\t\t\t\t<ul class=\"elementor-icon-list-items\">\n\t\t\t\t\t\t\t<li class=\"elementor-icon-list-item\">\n\t\t\t\t\t\t\t\t\t\t\t<span class=\"elementor-icon-list-icon\">\n\t\t\t\t\t\t\t<svg aria-hidden=\"true\" class=\"e-font-icon-svg e-fas-circle\" viewBox=\"0 0 512 512\" xmlns=\"http:\/\/www.w3.org\/2000\/svg\"><path d=\"M256 8C119 8 8 119 8 256s111 248 248 248 248-111 248-248S393 8 256 8z\"><\/path><\/svg>\t\t\t\t\t\t<\/span>\n\t\t\t\t\t\t\t\t\t\t<span class=\"elementor-icon-list-text\">Los seguros de gastos m\u00e9dicos mayores son deducibles de impuestos, hasta el 15% de tus ingresos anuales.<\/span>\n\t\t\t\t\t\t\t\t\t<\/li>\n\t\t\t\t\t\t<\/ul>\n\t\t\t\t\t\t<\/div>\n\t\t\t\t<\/div>\n\t\t\t\t<div class=\"elementor-element elementor-element-a5f83cd elementor-widget elementor-widget-text-editor\" data-id=\"a5f83cd\" data-element_type=\"widget\" data-widget_type=\"text-editor.default\">\n\t\t\t\t<div class=\"elementor-widget-container\">\n\t\t\t\t\t\t\t\t\t<p><strong>Consideraciones adicionales<\/strong><\/p>\t\t\t\t\t\t\t\t<\/div>\n\t\t\t\t<\/div>\n\t\t\t\t<div class=\"elementor-element elementor-element-22e197d elementor-icon-list--layout-traditional elementor-list-item-link-full_width elementor-widget elementor-widget-icon-list\" data-id=\"22e197d\" data-element_type=\"widget\" data-widget_type=\"icon-list.default\">\n\t\t\t\t<div class=\"elementor-widget-container\">\n\t\t\t\t\t\t\t<ul class=\"elementor-icon-list-items\">\n\t\t\t\t\t\t\t<li class=\"elementor-icon-list-item\">\n\t\t\t\t\t\t\t\t\t\t\t<span class=\"elementor-icon-list-icon\">\n\t\t\t\t\t\t\t<svg aria-hidden=\"true\" class=\"e-font-icon-svg e-fas-circle\" viewBox=\"0 0 512 512\" xmlns=\"http:\/\/www.w3.org\/2000\/svg\"><path d=\"M256 8C119 8 8 119 8 256s111 248 248 248 248-111 248-248S393 8 256 8z\"><\/path><\/svg>\t\t\t\t\t\t<\/span>\n\t\t\t\t\t\t\t\t\t\t<span class=\"elementor-icon-list-text\">Red de hospitales: Allianz cuenta con una red de hospitales para atenci\u00f3n m\u00e9dica, pero la elecci\u00f3n del nivel de hospital y la zona de atenci\u00f3n definir\u00e1n el tipo de plan.<\/span>\n\t\t\t\t\t\t\t\t\t<\/li>\n\t\t\t\t\t\t\t\t<li class=\"elementor-icon-list-item\">\n\t\t\t\t\t\t\t\t\t\t\t<span class=\"elementor-icon-list-icon\">\n\t\t\t\t\t\t\t<svg aria-hidden=\"true\" class=\"e-font-icon-svg e-fas-circle\" viewBox=\"0 0 512 512\" xmlns=\"http:\/\/www.w3.org\/2000\/svg\"><path d=\"M256 8C119 8 8 119 8 256s111 248 248 248 248-111 248-248S393 8 256 8z\"><\/path><\/svg>\t\t\t\t\t\t<\/span>\n\t\t\t\t\t\t\t\t\t\t<span class=\"elementor-icon-list-text\">Atenci\u00f3n m\u00e9dica: El modelo de pago puede variar, pero generalmente t\u00fa pagas el tratamiento y presentas una reclamaci\u00f3n a Allianz, aunque algunas p\u00f3lizas pueden tener facturaci\u00f3n directa si usas su red.<\/span>\n\t\t\t\t\t\t\t\t\t<\/li>\n\t\t\t\t\t\t<\/ul>\n\t\t\t\t\t\t<\/div>\n\t\t\t\t<\/div>\n\t\t\t\t<div class=\"elementor-element elementor-element-8a28191 elementor-widget elementor-widget-text-editor\" data-id=\"8a28191\" data-element_type=\"widget\" data-widget_type=\"text-editor.default\">\n\t\t\t\t<div class=\"elementor-widget-container\">\n\t\t\t\t\t\t\t\t\t<p>Es indispensable contar con una p\u00f3liza de seguro de gastos m\u00e9dicos mayores colectiva para poder contratar \u201cdeducible en exceso\u201d y ampliar tu cobertura en caso de que se termine tu suma asegurada o que el siniestro rebase esa cantidad.<\/p>\t\t\t\t\t\t\t\t<\/div>\n\t\t\t\t<\/div>\n\t\t\t\t<\/div>\n\t\t\t\t\t<\/div>\n\t\t\t\t<\/div>\n\t\t\t\t<\/div>\n\t\t","protected":false},"excerpt":{"rendered":"<p>Seguro de GMM en exceso Un seguro de gastos m\u00e9dicos mayores con \u00abdeducible en exceso\u00bb no es un producto est\u00e1ndar, sino que se refiere a la p\u00f3liza de exceso que complementa tu seguro principal cuando los gastos superan el l\u00edmite contratado. Allianz maneja sus seguros de gastos m\u00e9dicos mayores con un deducible y coaseguro, y una p\u00f3liza de exceso entrar\u00eda en acci\u00f3n si los costos sobrepasan la suma asegurada principal. C\u00f3mo funciona un seguro de gastos m\u00e9dicos mayores con p\u00f3liza de exceso Deducible: Es una cantidad fija que t\u00fa pagas primero para que la aseguradora empiece a cubrir los gastos. Coaseguro: Es un porcentaje de los gastos que t\u00fa pagas despu\u00e9s de haber cubierto el deducible. En el caso de Allianz, hay un tope m\u00e1ximo de coaseguro. P\u00f3liza de exceso: Esta p\u00f3liza entra en vigor cuando los gastos m\u00e9dicos superan la suma asegurada de tu p\u00f3liza principal, complement\u00e1ndola en lugar de sustituirla. Deducible en exceso: No existe un t\u00e9rmino com\u00fan de \u00abdeducible en exceso\u00bb. Sin embargo, tu p\u00f3liza de exceso es la que aplica despu\u00e9s de que los gastos superan el l\u00edmite de tu p\u00f3liza de gastos m\u00e9dicos mayores. Deducibilidad fiscal Los seguros de gastos m\u00e9dicos mayores son deducibles de impuestos, hasta el 15% de tus ingresos anuales. Consideraciones adicionales Red de hospitales: Allianz cuenta con una red de hospitales para atenci\u00f3n m\u00e9dica, pero la elecci\u00f3n del nivel de hospital y la zona de atenci\u00f3n definir\u00e1n el tipo de plan. Atenci\u00f3n m\u00e9dica: El modelo de pago puede variar, pero generalmente t\u00fa pagas el tratamiento y presentas una reclamaci\u00f3n a Allianz, aunque algunas p\u00f3lizas pueden tener facturaci\u00f3n directa si usas su red. Es indispensable contar con una p\u00f3liza de seguro de gastos m\u00e9dicos mayores colectiva para poder contratar \u201cdeducible en exceso\u201d y ampliar tu cobertura en caso de que se termine tu suma asegurada o que el siniestro rebase esa cantidad.<\/p>\n","protected":false},"author":1,"featured_media":0,"parent":0,"menu_order":0,"comment_status":"closed","ping_status":"closed","template":"elementor_canvas","meta":{"footnotes":""},"class_list":["post-2424","page","type-page","status-publish","hentry"],"_links":{"self":[{"href":"https:\/\/proyectosjr.com\/index.php\/wp-json\/wp\/v2\/pages\/2424","targetHints":{"allow":["GET"]}}],"collection":[{"href":"https:\/\/proyectosjr.com\/index.php\/wp-json\/wp\/v2\/pages"}],"about":[{"href":"https:\/\/proyectosjr.com\/index.php\/wp-json\/wp\/v2\/types\/page"}],"author":[{"embeddable":true,"href":"https:\/\/proyectosjr.com\/index.php\/wp-json\/wp\/v2\/users\/1"}],"replies":[{"embeddable":true,"href":"https:\/\/proyectosjr.com\/index.php\/wp-json\/wp\/v2\/comments?post=2424"}],"version-history":[{"count":4,"href":"https:\/\/proyectosjr.com\/index.php\/wp-json\/wp\/v2\/pages\/2424\/revisions"}],"predecessor-version":[{"id":2428,"href":"https:\/\/proyectosjr.com\/index.php\/wp-json\/wp\/v2\/pages\/2424\/revisions\/2428"}],"wp:attachment":[{"href":"https:\/\/proyectosjr.com\/index.php\/wp-json\/wp\/v2\/media?parent=2424"}],"curies":[{"name":"wp","href":"https:\/\/api.w.org\/{rel}","templated":true}]}}