{"id":2413,"date":"2026-01-07T23:24:02","date_gmt":"2026-01-07T23:24:02","guid":{"rendered":"https:\/\/proyectosjr.com\/wordpress\/?page_id=2413"},"modified":"2026-01-08T20:30:47","modified_gmt":"2026-01-08T20:30:47","slug":"rentas-privadas","status":"publish","type":"page","link":"https:\/\/proyectosjr.com\/index.php\/rentas-privadas\/","title":{"rendered":"Rentas privadas"},"content":{"rendered":"\t\t<div data-elementor-type=\"wp-page\" data-elementor-id=\"2413\" class=\"elementor elementor-2413\">\n\t\t\t\t<div class=\"elementor-element elementor-element-2841fb7 e-flex e-con-boxed wpr-particle-no wpr-jarallax-no wpr-parallax-no wpr-sticky-section-no e-con e-parent\" data-id=\"2841fb7\" data-element_type=\"container\">\n\t\t\t\t\t<div class=\"e-con-inner\">\n\t\t<div class=\"elementor-element elementor-element-fac288d e-con-full e-flex wpr-particle-no wpr-jarallax-no wpr-parallax-no wpr-sticky-section-no e-con e-child\" data-id=\"fac288d\" data-element_type=\"container\">\n\t\t\t\t<div class=\"elementor-element elementor-element-da85520 elementor-widget elementor-widget-heading\" data-id=\"da85520\" data-element_type=\"widget\" data-widget_type=\"heading.default\">\n\t\t\t\t<div class=\"elementor-widget-container\">\n\t\t\t\t\t<h2 class=\"elementor-heading-title elementor-size-default\">Planea hoy el retiro que quieres vivir ma\u00f1ana<\/h2>\t\t\t\t<\/div>\n\t\t\t\t<\/div>\n\t\t\t\t<div class=\"elementor-element elementor-element-0488bbf elementor-widget elementor-widget-text-editor\" data-id=\"0488bbf\" data-element_type=\"widget\" data-widget_type=\"text-editor.default\">\n\t\t\t\t<div class=\"elementor-widget-container\">\n\t\t\t\t\t\t\t\t\t<p>El retiro no es el final del camino, es una nueva etapa para disfrutar con tranquilidad, orden y seguridad financiera. Una correcta planeaci\u00f3n puede marcar la diferencia entre preocuparse por el futuro o vivirlo con libertad.<\/p><h3><strong>\u00bfSab\u00edas que?<\/strong><\/h3><p>El retiro es una de las etapas m\u00e1s importantes en la vida de las personas. De los objetivos clave de cualquier plan de vida depende que, al llegar ese momento, contemos con un patrimonio suficiente para mantener nuestro nivel de vida.<\/p><p>Aunque factores como la inflaci\u00f3n, la longevidad y la volatilidad de los mercados no est\u00e1n completamente bajo nuestro control, una buena estrategia de previsi\u00f3n y planeaci\u00f3n financiera ayuda a llegar mejor preparados.<\/p><p>Tener patrimonio es fundamental, pero tambi\u00e9n lo es la correcta gesti\u00f3n de la liquidez durante el retiro, ya que estos factores pueden comprometer la estabilidad financiera a largo plazo.<\/p><h3><strong>\u00bfQu\u00e9 son las Rentas Privadas?<\/strong><\/h3><p>Las rentas privadas son soluciones financieras administradas a trav\u00e9s de un seguro de supervivencia. Su objetivo es mitigar y transferir los riesgos de mercado y de longevidad, ofreciendo un ingreso peri\u00f3dico que brinda tranquilidad, estabilidad y seguridad durante el retiro.<\/p><p><strong>Tipos de Rentas<\/strong><\/p>\t\t\t\t\t\t\t\t<\/div>\n\t\t\t\t<\/div>\n\t\t\t\t<div class=\"elementor-element elementor-element-ea924c6 elementor-icon-list--layout-traditional elementor-list-item-link-full_width elementor-widget elementor-widget-icon-list\" data-id=\"ea924c6\" data-element_type=\"widget\" data-widget_type=\"icon-list.default\">\n\t\t\t\t<div class=\"elementor-widget-container\">\n\t\t\t\t\t\t\t<ul class=\"elementor-icon-list-items\">\n\t\t\t\t\t\t\t<li class=\"elementor-icon-list-item\">\n\t\t\t\t\t\t\t\t\t\t\t<span class=\"elementor-icon-list-icon\">\n\t\t\t\t\t\t\t<svg aria-hidden=\"true\" class=\"e-font-icon-svg e-fas-circle\" viewBox=\"0 0 512 512\" xmlns=\"http:\/\/www.w3.org\/2000\/svg\"><path d=\"M256 8C119 8 8 119 8 256s111 248 248 248 248-111 248-248S393 8 256 8z\"><\/path><\/svg>\t\t\t\t\t\t<\/span>\n\t\t\t\t\t\t\t\t\t\t<span class=\"elementor-icon-list-text\">Rentas Vitalicias  Renta Vitalicia Pura: ingreso garantizado de por vida.  Renta Vitalicia con Garant\u00eda: protege a los beneficiarios durante un periodo determinado.  Renta Mancomunada: pensada para c\u00f3nyuges, asegura ingresos mientras alguno de los dos viva.<\/span>\n\t\t\t\t\t\t\t\t\t<\/li>\n\t\t\t\t\t\t\t\t<li class=\"elementor-icon-list-item\">\n\t\t\t\t\t\t\t\t\t\t\t<span class=\"elementor-icon-list-icon\">\n\t\t\t\t\t\t\t<svg aria-hidden=\"true\" class=\"e-font-icon-svg e-fas-circle\" viewBox=\"0 0 512 512\" xmlns=\"http:\/\/www.w3.org\/2000\/svg\"><path d=\"M256 8C119 8 8 119 8 256s111 248 248 248 248-111 248-248S393 8 256 8z\"><\/path><\/svg>\t\t\t\t\t\t<\/span>\n\t\t\t\t\t\t\t\t\t\t<span class=\"elementor-icon-list-text\">Rentas Temporales: Ideales para cubrir necesidades espec\u00edficas por un periodo definido.<\/span>\n\t\t\t\t\t\t\t\t\t<\/li>\n\t\t\t\t\t\t<\/ul>\n\t\t\t\t\t\t<\/div>\n\t\t\t\t<\/div>\n\t\t\t\t<div class=\"elementor-element elementor-element-fa5650d elementor-widget elementor-widget-text-editor\" data-id=\"fa5650d\" data-element_type=\"widget\" data-widget_type=\"text-editor.default\">\n\t\t\t\t<div class=\"elementor-widget-container\">\n\t\t\t\t\t\t\t\t\t<p><strong>Monedas disponibles<\/strong><\/p><ul data-spread=\"false\"><li><p>Pesos nominales<\/p><\/li><li><p>Pesos revaluables<\/p><\/li><li><p>D\u00f3lares<\/p><\/li><\/ul>\t\t\t\t\t\t\t\t<\/div>\n\t\t\t\t<\/div>\n\t\t\t\t<div class=\"elementor-element elementor-element-28b48f1 elementor-widget elementor-widget-text-editor\" data-id=\"28b48f1\" data-element_type=\"widget\" data-widget_type=\"text-editor.default\">\n\t\t\t\t<div class=\"elementor-widget-container\">\n\t\t\t\t\t\t\t\t\t<h4><strong>\u00bfA qui\u00e9nes les puede interesar una Renta Privada?<\/strong><\/h4><ul data-spread=\"false\"><li><p>Personas que priorizan la estabilidad financiera y desean contar con un flujo constante de ingresos.<\/p><\/li><li><p>Clientes con estrategias sucesorias o necesidades patrimoniales espec\u00edficas.<\/p><\/li><li><p>Empresas con pasivos laborales relacionados con el pago peri\u00f3dico a jubilados o pensionados.<\/p><\/li><\/ul><p>\u00a0<\/p><h4><strong>\u00bfPor qu\u00e9 una Renta Privada con Allianz M\u00e9xico?<\/strong><\/h4><ul data-spread=\"false\"><li><p>M\u00e1s de <strong>130 a\u00f1os de experiencia global<\/strong> y presencia en m\u00e1s de <strong>70 pa\u00edses<\/strong>.<\/p><\/li><li><p>Marca n\u00famero uno en la industria de seguros.<\/p><\/li><li><p>M\u00e1s de <strong>12.1 billones de d\u00f3lares<\/strong> y <strong>2.2 trillones de euros<\/strong> en activos bajo administraci\u00f3n.<\/p><\/li><li><p>Calificaci\u00f3n <strong>AAA.MX por AM Best<\/strong>.<\/p><\/li><li><p>Amplia experiencia en administraci\u00f3n de pensiones.<\/p><\/li><\/ul><p>\u00a0<\/p><p><strong>Cifras que respaldan la confianza<\/strong><\/p>\t\t\t\t\t\t\t\t<\/div>\n\t\t\t\t<\/div>\n\t\t\t\t<div class=\"elementor-element elementor-element-20d479f elementor-icon-list--layout-traditional elementor-list-item-link-full_width elementor-widget elementor-widget-icon-list\" data-id=\"20d479f\" data-element_type=\"widget\" data-widget_type=\"icon-list.default\">\n\t\t\t\t<div class=\"elementor-widget-container\">\n\t\t\t\t\t\t\t<ul class=\"elementor-icon-list-items\">\n\t\t\t\t\t\t\t<li class=\"elementor-icon-list-item\">\n\t\t\t\t\t\t\t\t\t\t\t<span class=\"elementor-icon-list-icon\">\n\t\t\t\t\t\t\t<svg aria-hidden=\"true\" class=\"e-font-icon-svg e-fas-circle\" viewBox=\"0 0 512 512\" xmlns=\"http:\/\/www.w3.org\/2000\/svg\"><path d=\"M256 8C119 8 8 119 8 256s111 248 248 248 248-111 248-248S393 8 256 8z\"><\/path><\/svg>\t\t\t\t\t\t<\/span>\n\t\t\t\t\t\t\t\t\t\t<span class=\"elementor-icon-list-text\">+577 MDP en pensiones pagadas anualmente.<\/span>\n\t\t\t\t\t\t\t\t\t<\/li>\n\t\t\t\t\t\t\t\t<li class=\"elementor-icon-list-item\">\n\t\t\t\t\t\t\t\t\t\t\t<span class=\"elementor-icon-list-icon\">\n\t\t\t\t\t\t\t<svg aria-hidden=\"true\" class=\"e-font-icon-svg e-fas-circle\" viewBox=\"0 0 512 512\" xmlns=\"http:\/\/www.w3.org\/2000\/svg\"><path d=\"M256 8C119 8 8 119 8 256s111 248 248 248 248-111 248-248S393 8 256 8z\"><\/path><\/svg>\t\t\t\t\t\t<\/span>\n\t\t\t\t\t\t\t\t\t\t<span class=\"elementor-icon-list-text\">+400 MDP en primas durante los \u00faltimos 24 meses.<\/span>\n\t\t\t\t\t\t\t\t\t<\/li>\n\t\t\t\t\t\t\t\t<li class=\"elementor-icon-list-item\">\n\t\t\t\t\t\t\t\t\t\t\t<span class=\"elementor-icon-list-icon\">\n\t\t\t\t\t\t\t<svg aria-hidden=\"true\" class=\"e-font-icon-svg e-fas-circle\" viewBox=\"0 0 512 512\" xmlns=\"http:\/\/www.w3.org\/2000\/svg\"><path d=\"M256 8C119 8 8 119 8 256s111 248 248 248 248-111 248-248S393 8 256 8z\"><\/path><\/svg>\t\t\t\t\t\t<\/span>\n\t\t\t\t\t\t\t\t\t\t<span class=\"elementor-icon-list-text\">6,700 MDP en reservas para pensiones.<\/span>\n\t\t\t\t\t\t\t\t\t<\/li>\n\t\t\t\t\t\t<\/ul>\n\t\t\t\t\t\t<\/div>\n\t\t\t\t<\/div>\n\t\t\t\t<div class=\"elementor-element elementor-element-b17dd34 elementor-widget elementor-widget-text-editor\" data-id=\"b17dd34\" data-element_type=\"widget\" data-widget_type=\"text-editor.default\">\n\t\t\t\t<div class=\"elementor-widget-container\">\n\t\t\t\t\t\t\t\t\t<h4><strong>Da el siguiente paso<\/strong><\/h4><p>Planear tu retiro es una decisi\u00f3n inteligente. Asegura hoy el ingreso que te permitir\u00e1 disfrutar ma\u00f1ana con tranquilidad y confianza.<\/p>\t\t\t\t\t\t\t\t<\/div>\n\t\t\t\t<\/div>\n\t\t\t\t<\/div>\n\t\t\t\t\t<\/div>\n\t\t\t\t<\/div>\n\t\t\t\t<\/div>\n\t\t","protected":false},"excerpt":{"rendered":"<p>Planea hoy el retiro que quieres vivir ma\u00f1ana El retiro no es el final del camino, es una nueva etapa para disfrutar con tranquilidad, orden y seguridad financiera. Una correcta planeaci\u00f3n puede marcar la diferencia entre preocuparse por el futuro o vivirlo con libertad. \u00bfSab\u00edas que? El retiro es una de las etapas m\u00e1s importantes en la vida de las personas. De los objetivos clave de cualquier plan de vida depende que, al llegar ese momento, contemos con un patrimonio suficiente para mantener nuestro nivel de vida. Aunque factores como la inflaci\u00f3n, la longevidad y la volatilidad de los mercados no est\u00e1n completamente bajo nuestro control, una buena estrategia de previsi\u00f3n y planeaci\u00f3n financiera ayuda a llegar mejor preparados. Tener patrimonio es fundamental, pero tambi\u00e9n lo es la correcta gesti\u00f3n de la liquidez durante el retiro, ya que estos factores pueden comprometer la estabilidad financiera a largo plazo. \u00bfQu\u00e9 son las Rentas Privadas? Las rentas privadas son soluciones financieras administradas a trav\u00e9s de un seguro de supervivencia. Su objetivo es mitigar y transferir los riesgos de mercado y de longevidad, ofreciendo un ingreso peri\u00f3dico que brinda tranquilidad, estabilidad y seguridad durante el retiro. Tipos de Rentas Rentas Vitalicias Renta Vitalicia Pura: ingreso garantizado de por vida. Renta Vitalicia con Garant\u00eda: protege a los beneficiarios durante un periodo determinado. Renta Mancomunada: pensada para c\u00f3nyuges, asegura ingresos mientras alguno de los dos viva. Rentas Temporales: Ideales para cubrir necesidades espec\u00edficas por un periodo definido. Monedas disponibles Pesos nominales Pesos revaluables D\u00f3lares \u00bfA qui\u00e9nes les puede interesar una Renta Privada? Personas que priorizan la estabilidad financiera y desean contar con un flujo constante de ingresos. Clientes con estrategias sucesorias o necesidades patrimoniales espec\u00edficas. Empresas con pasivos laborales relacionados con el pago peri\u00f3dico a jubilados o pensionados. \u00a0 \u00bfPor qu\u00e9 una Renta Privada con Allianz M\u00e9xico? M\u00e1s de 130 a\u00f1os de experiencia global y presencia en m\u00e1s de 70 pa\u00edses. Marca n\u00famero uno en la industria de seguros. M\u00e1s de 12.1 billones de d\u00f3lares y 2.2 trillones de euros en activos bajo administraci\u00f3n. Calificaci\u00f3n AAA.MX por AM Best. Amplia experiencia en administraci\u00f3n de pensiones. \u00a0 Cifras que respaldan la confianza +577 MDP en pensiones pagadas anualmente. +400 MDP en primas durante los \u00faltimos 24 meses. 6,700 MDP en reservas para pensiones. Da el siguiente paso Planear tu retiro es una decisi\u00f3n inteligente. Asegura hoy el ingreso que te permitir\u00e1 disfrutar ma\u00f1ana con tranquilidad y confianza.<\/p>\n","protected":false},"author":1,"featured_media":0,"parent":0,"menu_order":0,"comment_status":"closed","ping_status":"closed","template":"elementor_canvas","meta":{"footnotes":""},"class_list":["post-2413","page","type-page","status-publish","hentry"],"_links":{"self":[{"href":"https:\/\/proyectosjr.com\/index.php\/wp-json\/wp\/v2\/pages\/2413","targetHints":{"allow":["GET"]}}],"collection":[{"href":"https:\/\/proyectosjr.com\/index.php\/wp-json\/wp\/v2\/pages"}],"about":[{"href":"https:\/\/proyectosjr.com\/index.php\/wp-json\/wp\/v2\/types\/page"}],"author":[{"embeddable":true,"href":"https:\/\/proyectosjr.com\/index.php\/wp-json\/wp\/v2\/users\/1"}],"replies":[{"embeddable":true,"href":"https:\/\/proyectosjr.com\/index.php\/wp-json\/wp\/v2\/comments?post=2413"}],"version-history":[{"count":7,"href":"https:\/\/proyectosjr.com\/index.php\/wp-json\/wp\/v2\/pages\/2413\/revisions"}],"predecessor-version":[{"id":2423,"href":"https:\/\/proyectosjr.com\/index.php\/wp-json\/wp\/v2\/pages\/2413\/revisions\/2423"}],"wp:attachment":[{"href":"https:\/\/proyectosjr.com\/index.php\/wp-json\/wp\/v2\/media?parent=2413"}],"curies":[{"name":"wp","href":"https:\/\/api.w.org\/{rel}","templated":true}]}}