{"id":2303,"date":"2025-05-30T22:43:30","date_gmt":"2025-05-30T22:43:30","guid":{"rendered":"https:\/\/proyectosjr.com\/wordpress\/?page_id=2303"},"modified":"2025-05-30T22:55:17","modified_gmt":"2025-05-30T22:55:17","slug":"seguro-residencial","status":"publish","type":"page","link":"https:\/\/proyectosjr.com\/index.php\/seguro-residencial\/","title":{"rendered":"Seguro Residencial"},"content":{"rendered":"\t\t<div data-elementor-type=\"wp-page\" data-elementor-id=\"2303\" class=\"elementor elementor-2303\">\n\t\t\t\t<div class=\"elementor-element elementor-element-2841fb7 e-flex e-con-boxed wpr-particle-no wpr-jarallax-no wpr-parallax-no wpr-sticky-section-no e-con e-parent\" data-id=\"2841fb7\" data-element_type=\"container\">\n\t\t\t\t\t<div class=\"e-con-inner\">\n\t\t<div class=\"elementor-element elementor-element-fac288d e-con-full e-flex wpr-particle-no wpr-jarallax-no wpr-parallax-no wpr-sticky-section-no e-con e-child\" data-id=\"fac288d\" data-element_type=\"container\">\n\t\t\t\t<div class=\"elementor-element elementor-element-da85520 elementor-widget elementor-widget-heading\" data-id=\"da85520\" data-element_type=\"widget\" data-widget_type=\"heading.default\">\n\t\t\t\t<div class=\"elementor-widget-container\">\n\t\t\t\t\t<h2 class=\"elementor-heading-title elementor-size-default\">Seguro Residencial<\/h2>\t\t\t\t<\/div>\n\t\t\t\t<\/div>\n\t\t\t\t<div class=\"elementor-element elementor-element-0488bbf elementor-widget elementor-widget-text-editor\" data-id=\"0488bbf\" data-element_type=\"widget\" data-widget_type=\"text-editor.default\">\n\t\t\t\t<div class=\"elementor-widget-container\">\n\t\t\t\t\t\t\t\t\t<p><strong>\u00bfCu\u00e1l es la importancia de obtener un seguro de hogar?<\/strong><\/p><p>Allianz Residencial es una p\u00f3liza de hogar, ideal para las familias mexicanas que buscan seguridad y estabilidad econ\u00f3mica, mediante productos que protejan su patrimonio ante riesgos que pudieran presentarse en sus actividades cotidianas.<br \/>Este producto fue creado para hacerle frente a cualquier accidente que pudiera ocurrirle a la propiedad, a los contenidos y al asegurado, sin desestabilizar la econom\u00eda familiar mediante diversas coberturas como:<\/p><p><strong>\u2022 Incendio, rayo y explosi\u00f3n<\/strong><br \/><strong>\u2022 Terremoto y erupci\u00f3n volc\u00e1nica<\/strong><br \/><strong>\u2022 Fen\u00f3menos Hidrometeorol\u00f3gicos<\/strong><br \/><strong>\u2022 Responsabilidad civil<\/strong><\/p><p>La p\u00f3liza tambi\u00e9n se adecua a las necesidades del cliente, ya que cuenta con modalidades de contrataci\u00f3n dise\u00f1adas para propietario, inquilino y arrendador, seg\u00fan sea el caso. Dichas coberturas est\u00e1n disponibles en pesos y d\u00f3lares.<\/p>\t\t\t\t\t\t\t\t<\/div>\n\t\t\t\t<\/div>\n\t\t\t\t<div class=\"elementor-element elementor-element-fa5650d elementor-widget elementor-widget-text-editor\" data-id=\"fa5650d\" data-element_type=\"widget\" data-widget_type=\"text-editor.default\">\n\t\t\t\t<div class=\"elementor-widget-container\">\n\t\t\t\t\t\t\t\t\t<p><strong>Algunos beneficios que ofrece Allianz Residencial<\/strong><\/p><p>Primer riesgo absoluto: Allianz cubrir\u00e1 el da\u00f1o hasta el l\u00edmite de la suma asegurada, siempre y cuando se compruebe la pertenencia de los bienes.<\/p><p>Todo riesgo: Todo lo que no est\u00e9 expresamente excluido bajo condiciones generales quedar\u00e1 cubierto.<\/p><p><strong>Coberturas b\u00e1sicas<\/strong><\/p><p>Incendio, rayo y explosi\u00f3n: Cobertura b\u00e1sica de todos los paquetes, la cual, indemniza da\u00f1os ocasionados por diversas causas, por ejemplo: incendio, huelgas, disturbios, rotura de tuber\u00edas y ca\u00edda de \u00e1rboles.<\/p><p>Edificio y contenidos: Se cubre el edificio y todo lo que se encuentre dentro de la propiedad a excepci\u00f3n de lo que est\u00e9 expl\u00edcitamente excluido bajo condiciones generales.<\/p><p>Valor reposici\u00f3n: Allianz cubrir\u00e1 la p\u00e9rdida del objeto con base en el costo de adquirirlo nuevamente.<\/p><p><strong>Coberturas opcionales con costo<\/strong><\/p><p>Las siguientes coberturas podr\u00e1n ser contratadas de manera opcional:<\/p>\t\t\t\t\t\t\t\t<\/div>\n\t\t\t\t<\/div>\n\t\t\t\t<div class=\"elementor-element elementor-element-20d479f elementor-icon-list--layout-traditional elementor-list-item-link-full_width elementor-widget elementor-widget-icon-list\" data-id=\"20d479f\" data-element_type=\"widget\" data-widget_type=\"icon-list.default\">\n\t\t\t\t<div class=\"elementor-widget-container\">\n\t\t\t\t\t\t\t<ul class=\"elementor-icon-list-items\">\n\t\t\t\t\t\t\t<li class=\"elementor-icon-list-item\">\n\t\t\t\t\t\t\t\t\t\t\t<span class=\"elementor-icon-list-icon\">\n\t\t\t\t\t\t\t<svg aria-hidden=\"true\" class=\"e-font-icon-svg e-fas-circle\" viewBox=\"0 0 512 512\" xmlns=\"http:\/\/www.w3.org\/2000\/svg\"><path d=\"M256 8C119 8 8 119 8 256s111 248 248 248 248-111 248-248S393 8 256 8z\"><\/path><\/svg>\t\t\t\t\t\t<\/span>\n\t\t\t\t\t\t\t\t\t\t<span class=\"elementor-icon-list-text\">Terremoto y\/o erupci\u00f3n volc\u00e1nica,<\/span>\n\t\t\t\t\t\t\t\t\t<\/li>\n\t\t\t\t\t\t\t\t<li class=\"elementor-icon-list-item\">\n\t\t\t\t\t\t\t\t\t\t\t<span class=\"elementor-icon-list-icon\">\n\t\t\t\t\t\t\t<svg aria-hidden=\"true\" class=\"e-font-icon-svg e-fas-circle\" viewBox=\"0 0 512 512\" xmlns=\"http:\/\/www.w3.org\/2000\/svg\"><path d=\"M256 8C119 8 8 119 8 256s111 248 248 248 248-111 248-248S393 8 256 8z\"><\/path><\/svg>\t\t\t\t\t\t<\/span>\n\t\t\t\t\t\t\t\t\t\t<span class=\"elementor-icon-list-text\">Fen\u00f3menos Hidrometeorol\u00f3gicos<\/span>\n\t\t\t\t\t\t\t\t\t<\/li>\n\t\t\t\t\t\t<\/ul>\n\t\t\t\t\t\t<\/div>\n\t\t\t\t<\/div>\n\t\t\t\t<div class=\"elementor-element elementor-element-ed57ca4 elementor-widget elementor-widget-text-editor\" data-id=\"ed57ca4\" data-element_type=\"widget\" data-widget_type=\"text-editor.default\">\n\t\t\t\t<div class=\"elementor-widget-container\">\n\t\t\t\t\t\t\t\t\t<p><strong>Asistencia y protecci\u00f3n Allianz<\/strong><\/p><p>Estos servicios se otorgan para orientar y facilitar los peque\u00f1os percances del cliente.<\/p>\t\t\t\t\t\t\t\t<\/div>\n\t\t\t\t<\/div>\n\t\t\t\t<div class=\"elementor-element elementor-element-2781633 elementor-icon-list--layout-traditional elementor-list-item-link-full_width elementor-widget elementor-widget-icon-list\" data-id=\"2781633\" data-element_type=\"widget\" data-widget_type=\"icon-list.default\">\n\t\t\t\t<div class=\"elementor-widget-container\">\n\t\t\t\t\t\t\t<ul class=\"elementor-icon-list-items\">\n\t\t\t\t\t\t\t<li class=\"elementor-icon-list-item\">\n\t\t\t\t\t\t\t\t\t\t\t<span class=\"elementor-icon-list-icon\">\n\t\t\t\t\t\t\t<svg aria-hidden=\"true\" class=\"e-font-icon-svg e-fas-circle\" viewBox=\"0 0 512 512\" xmlns=\"http:\/\/www.w3.org\/2000\/svg\"><path d=\"M256 8C119 8 8 119 8 256s111 248 248 248 248-111 248-248S393 8 256 8z\"><\/path><\/svg>\t\t\t\t\t\t<\/span>\n\t\t\t\t\t\t\t\t\t\t<span class=\"elementor-icon-list-text\">Asistencia telef\u00f3nica 24\/7<\/span>\n\t\t\t\t\t\t\t\t\t<\/li>\n\t\t\t\t\t\t\t\t<li class=\"elementor-icon-list-item\">\n\t\t\t\t\t\t\t\t\t\t\t<span class=\"elementor-icon-list-icon\">\n\t\t\t\t\t\t\t<svg aria-hidden=\"true\" class=\"e-font-icon-svg e-fas-circle\" viewBox=\"0 0 512 512\" xmlns=\"http:\/\/www.w3.org\/2000\/svg\"><path d=\"M256 8C119 8 8 119 8 256s111 248 248 248 248-111 248-248S393 8 256 8z\"><\/path><\/svg>\t\t\t\t\t\t<\/span>\n\t\t\t\t\t\t\t\t\t\t<span class=\"elementor-icon-list-text\">Plomer\u00eda, cerrajer\u00eda, cristales, entre otros<\/span>\n\t\t\t\t\t\t\t\t\t<\/li>\n\t\t\t\t\t\t\t\t<li class=\"elementor-icon-list-item\">\n\t\t\t\t\t\t\t\t\t\t\t<span class=\"elementor-icon-list-icon\">\n\t\t\t\t\t\t\t<svg aria-hidden=\"true\" class=\"e-font-icon-svg e-fas-circle\" viewBox=\"0 0 512 512\" xmlns=\"http:\/\/www.w3.org\/2000\/svg\"><path d=\"M256 8C119 8 8 119 8 256s111 248 248 248 248-111 248-248S393 8 256 8z\"><\/path><\/svg>\t\t\t\t\t\t<\/span>\n\t\t\t\t\t\t\t\t\t\t<span class=\"elementor-icon-list-text\">Gastos funerarios<\/span>\n\t\t\t\t\t\t\t\t\t<\/li>\n\t\t\t\t\t\t\t\t<li class=\"elementor-icon-list-item\">\n\t\t\t\t\t\t\t\t\t\t\t<span class=\"elementor-icon-list-icon\">\n\t\t\t\t\t\t\t<svg aria-hidden=\"true\" class=\"e-font-icon-svg e-fas-circle\" viewBox=\"0 0 512 512\" xmlns=\"http:\/\/www.w3.org\/2000\/svg\"><path d=\"M256 8C119 8 8 119 8 256s111 248 248 248 248-111 248-248S393 8 256 8z\"><\/path><\/svg>\t\t\t\t\t\t<\/span>\n\t\t\t\t\t\t\t\t\t\t<span class=\"elementor-icon-list-text\">Cobertura en viajes<\/span>\n\t\t\t\t\t\t\t\t\t<\/li>\n\t\t\t\t\t\t\t\t<li class=\"elementor-icon-list-item\">\n\t\t\t\t\t\t\t\t\t\t\t<span class=\"elementor-icon-list-icon\">\n\t\t\t\t\t\t\t<svg aria-hidden=\"true\" class=\"e-font-icon-svg e-fas-circle\" viewBox=\"0 0 512 512\" xmlns=\"http:\/\/www.w3.org\/2000\/svg\"><path d=\"M256 8C119 8 8 119 8 256s111 248 248 248 248-111 248-248S393 8 256 8z\"><\/path><\/svg>\t\t\t\t\t\t<\/span>\n\t\t\t\t\t\t\t\t\t\t<span class=\"elementor-icon-list-text\">Cobertura para mascotas<\/span>\n\t\t\t\t\t\t\t\t\t<\/li>\n\t\t\t\t\t\t<\/ul>\n\t\t\t\t\t\t<\/div>\n\t\t\t\t<\/div>\n\t\t\t\t<div class=\"elementor-element elementor-element-afc0427 elementor-widget elementor-widget-text-editor\" data-id=\"afc0427\" data-element_type=\"widget\" data-widget_type=\"text-editor.default\">\n\t\t\t\t<div class=\"elementor-widget-container\">\n\t\t\t\t\t\t\t\t\t<p><strong>Pago de Siniestro dentro de los 30 d\u00edas posteriores a la entrega de la documentaci\u00f3n completa.<\/strong><\/p>\t\t\t\t\t\t\t\t<\/div>\n\t\t\t\t<\/div>\n\t\t<div class=\"elementor-element elementor-element-0251b0f e-flex e-con-boxed wpr-particle-no wpr-jarallax-no wpr-parallax-no wpr-sticky-section-no e-con e-child\" data-id=\"0251b0f\" data-element_type=\"container\">\n\t\t\t\t\t<div class=\"e-con-inner\">\n\t\t<div class=\"elementor-element elementor-element-b204311 e-flex e-con-boxed wpr-particle-no wpr-jarallax-no wpr-parallax-no wpr-sticky-section-no e-con e-child\" data-id=\"b204311\" data-element_type=\"container\">\n\t\t\t\t\t<div class=\"e-con-inner\">\n\t\t\t\t<div class=\"elementor-element elementor-element-fc57b09 elementor-invisible elementor-widget elementor-widget-image\" data-id=\"fc57b09\" data-element_type=\"widget\" data-settings=\"{&quot;_animation&quot;:&quot;slideInLeft&quot;}\" data-widget_type=\"image.default\">\n\t\t\t\t<div class=\"elementor-widget-container\">\n\t\t\t\t\t\t\t\t\t\t\t\t\t\t\t<img fetchpriority=\"high\" decoding=\"async\" width=\"960\" height=\"738\" src=\"https:\/\/proyectosjr.com\/wp-content\/uploads\/2025\/05\/Captura-de-pantalla-2025-05-30-164854-e1748645438482.png\" class=\"attachment-large size-large wp-image-2305\" alt=\"\" srcset=\"https:\/\/proyectosjr.com\/wp-content\/uploads\/2025\/05\/Captura-de-pantalla-2025-05-30-164854-e1748645438482.png 1014w, https:\/\/proyectosjr.com\/wp-content\/uploads\/2025\/05\/Captura-de-pantalla-2025-05-30-164854-e1748645438482-300x231.png 300w, https:\/\/proyectosjr.com\/wp-content\/uploads\/2025\/05\/Captura-de-pantalla-2025-05-30-164854-e1748645438482-768x591.png 768w\" sizes=\"(max-width: 960px) 100vw, 960px\" \/>\t\t\t\t\t\t\t\t\t\t\t\t\t\t\t<\/div>\n\t\t\t\t<\/div>\n\t\t\t\t<div class=\"elementor-element elementor-element-485ab8a elementor-widget elementor-widget-text-editor\" data-id=\"485ab8a\" data-element_type=\"widget\" data-widget_type=\"text-editor.default\">\n\t\t\t\t<div class=\"elementor-widget-container\">\n\t\t\t\t\t\t\t\t\t<p><strong>Allianz Residencial Premier<\/strong><\/p><p>Es el \u00fanico paquete que te ofrece los siguientes beneficios:<\/p>\t\t\t\t\t\t\t\t<\/div>\n\t\t\t\t<\/div>\n\t\t\t\t<div class=\"elementor-element elementor-element-2c81e0f elementor-icon-list--layout-traditional elementor-list-item-link-full_width elementor-widget elementor-widget-icon-list\" data-id=\"2c81e0f\" data-element_type=\"widget\" data-widget_type=\"icon-list.default\">\n\t\t\t\t<div class=\"elementor-widget-container\">\n\t\t\t\t\t\t\t<ul class=\"elementor-icon-list-items\">\n\t\t\t\t\t\t\t<li class=\"elementor-icon-list-item\">\n\t\t\t\t\t\t\t\t\t\t\t<span class=\"elementor-icon-list-icon\">\n\t\t\t\t\t\t\t<svg aria-hidden=\"true\" class=\"e-font-icon-svg e-fas-circle\" viewBox=\"0 0 512 512\" xmlns=\"http:\/\/www.w3.org\/2000\/svg\"><path d=\"M256 8C119 8 8 119 8 256s111 248 248 248 248-111 248-248S393 8 256 8z\"><\/path><\/svg>\t\t\t\t\t\t<\/span>\n\t\t\t\t\t\t\t\t\t\t<span class=\"elementor-icon-list-text\">Asegurar casas o departamentos de fin de semana, de campo y\/o playa (s\u00f3lo modalidad propietario o inquilino)<\/span>\n\t\t\t\t\t\t\t\t\t<\/li>\n\t\t\t\t\t\t\t\t<li class=\"elementor-icon-list-item\">\n\t\t\t\t\t\t\t\t\t\t\t<span class=\"elementor-icon-list-icon\">\n\t\t\t\t\t\t\t<svg aria-hidden=\"true\" class=\"e-font-icon-svg e-fas-circle\" viewBox=\"0 0 512 512\" xmlns=\"http:\/\/www.w3.org\/2000\/svg\"><path d=\"M256 8C119 8 8 119 8 256s111 248 248 248 248-111 248-248S393 8 256 8z\"><\/path><\/svg>\t\t\t\t\t\t<\/span>\n\t\t\t\t\t\t\t\t\t\t<span class=\"elementor-icon-list-text\">Cualquier tipo de casa de vacaciones sin importar el a\u00f1o de construcci\u00f3n (uso habitacional)<\/span>\n\t\t\t\t\t\t\t\t\t<\/li>\n\t\t\t\t\t\t\t\t<li class=\"elementor-icon-list-item\">\n\t\t\t\t\t\t\t\t\t\t\t<span class=\"elementor-icon-list-icon\">\n\t\t\t\t\t\t\t<svg aria-hidden=\"true\" class=\"e-font-icon-svg e-fas-circle\" viewBox=\"0 0 512 512\" xmlns=\"http:\/\/www.w3.org\/2000\/svg\"><path d=\"M256 8C119 8 8 119 8 256s111 248 248 248 248-111 248-248S393 8 256 8z\"><\/path><\/svg>\t\t\t\t\t\t<\/span>\n\t\t\t\t\t\t\t\t\t\t<span class=\"elementor-icon-list-text\">Sumas aseguradas top: desde 3 MDP y hasta 50 MDP para edificio y desde 1 MDP y hasta 30 MDP para contenidos<\/span>\n\t\t\t\t\t\t\t\t\t<\/li>\n\t\t\t\t\t\t\t\t<li class=\"elementor-icon-list-item\">\n\t\t\t\t\t\t\t\t\t\t\t<span class=\"elementor-icon-list-icon\">\n\t\t\t\t\t\t\t<svg aria-hidden=\"true\" class=\"e-font-icon-svg e-fas-circle\" viewBox=\"0 0 512 512\" xmlns=\"http:\/\/www.w3.org\/2000\/svg\"><path d=\"M256 8C119 8 8 119 8 256s111 248 248 248 248-111 248-248S393 8 256 8z\"><\/path><\/svg>\t\t\t\t\t\t<\/span>\n\t\t\t\t\t\t\t\t\t\t<span class=\"elementor-icon-list-text\">Declaraci\u00f3n de bienes: declara tus pertenencias para agilizar el proceso de siniestros<\/span>\n\t\t\t\t\t\t\t\t\t<\/li>\n\t\t\t\t\t\t\t\t<li class=\"elementor-icon-list-item\">\n\t\t\t\t\t\t\t\t\t\t\t<span class=\"elementor-icon-list-icon\">\n\t\t\t\t\t\t\t<svg aria-hidden=\"true\" class=\"e-font-icon-svg e-fas-circle\" viewBox=\"0 0 512 512\" xmlns=\"http:\/\/www.w3.org\/2000\/svg\"><path d=\"M256 8C119 8 8 119 8 256s111 248 248 248 248-111 248-248S393 8 256 8z\"><\/path><\/svg>\t\t\t\t\t\t<\/span>\n\t\t\t\t\t\t\t\t\t\t<span class=\"elementor-icon-list-text\">Multiubicaci\u00f3n: agrega hasta 4 casas adicionales en tu p\u00f3liza Premier<\/span>\n\t\t\t\t\t\t\t\t\t<\/li>\n\t\t\t\t\t\t<\/ul>\n\t\t\t\t\t\t<\/div>\n\t\t\t\t<\/div>\n\t\t\t\t<div class=\"elementor-element elementor-element-7274edd elementor-widget elementor-widget-text-editor\" data-id=\"7274edd\" data-element_type=\"widget\" data-widget_type=\"text-editor.default\">\n\t\t\t\t<div class=\"elementor-widget-container\">\n\t\t\t\t\t\t\t\t\t<p><strong>Exclusiones generales<\/strong><\/p>\t\t\t\t\t\t\t\t<\/div>\n\t\t\t\t<\/div>\n\t\t\t\t<div class=\"elementor-element elementor-element-9b61300 elementor-icon-list--layout-traditional elementor-list-item-link-full_width elementor-widget elementor-widget-icon-list\" data-id=\"9b61300\" data-element_type=\"widget\" data-widget_type=\"icon-list.default\">\n\t\t\t\t<div class=\"elementor-widget-container\">\n\t\t\t\t\t\t\t<ul class=\"elementor-icon-list-items\">\n\t\t\t\t\t\t\t<li class=\"elementor-icon-list-item\">\n\t\t\t\t\t\t\t\t\t\t\t<span class=\"elementor-icon-list-icon\">\n\t\t\t\t\t\t\t<svg aria-hidden=\"true\" class=\"e-font-icon-svg e-fas-circle\" viewBox=\"0 0 512 512\" xmlns=\"http:\/\/www.w3.org\/2000\/svg\"><path d=\"M256 8C119 8 8 119 8 256s111 248 248 248 248-111 248-248S393 8 256 8z\"><\/path><\/svg>\t\t\t\t\t\t<\/span>\n\t\t\t\t\t\t\t\t\t\t<span class=\"elementor-icon-list-text\">Casas o departamentos deshabitados o en obra negra<\/span>\n\t\t\t\t\t\t\t\t\t<\/li>\n\t\t\t\t\t\t\t\t<li class=\"elementor-icon-list-item\">\n\t\t\t\t\t\t\t\t\t\t\t<span class=\"elementor-icon-list-icon\">\n\t\t\t\t\t\t\t<svg aria-hidden=\"true\" class=\"e-font-icon-svg e-fas-circle\" viewBox=\"0 0 512 512\" xmlns=\"http:\/\/www.w3.org\/2000\/svg\"><path d=\"M256 8C119 8 8 119 8 256s111 248 248 248 248-111 248-248S393 8 256 8z\"><\/path><\/svg>\t\t\t\t\t\t<\/span>\n\t\t\t\t\t\t\t\t\t\t<span class=\"elementor-icon-list-text\">Casas o departamentos con m\u00e1s del 15% de construcci\u00f3n de material combustible<\/span>\n\t\t\t\t\t\t\t\t\t<\/li>\n\t\t\t\t\t\t\t\t<li class=\"elementor-icon-list-item\">\n\t\t\t\t\t\t\t\t\t\t\t<span class=\"elementor-icon-list-icon\">\n\t\t\t\t\t\t\t<svg aria-hidden=\"true\" class=\"e-font-icon-svg e-fas-circle\" viewBox=\"0 0 512 512\" xmlns=\"http:\/\/www.w3.org\/2000\/svg\"><path d=\"M256 8C119 8 8 119 8 256s111 248 248 248 248-111 248-248S393 8 256 8z\"><\/path><\/svg>\t\t\t\t\t\t<\/span>\n\t\t\t\t\t\t\t\t\t\t<span class=\"elementor-icon-list-text\">Departamentos en edificios con m\u00e1s de 20 pisos (contando estacionamientos y s\u00f3tanos) s\u00f3lo con previa autorizaci\u00f3n.<\/span>\n\t\t\t\t\t\t\t\t\t<\/li>\n\t\t\t\t\t\t<\/ul>\n\t\t\t\t\t\t<\/div>\n\t\t\t\t<\/div>\n\t\t\t\t\t<\/div>\n\t\t\t\t<\/div>\n\t\t\t\t\t<\/div>\n\t\t\t\t<\/div>\n\t\t\t\t<div class=\"elementor-element elementor-element-b36742d elementor-widget elementor-widget-text-editor\" data-id=\"b36742d\" data-element_type=\"widget\" data-widget_type=\"text-editor.default\">\n\t\t\t\t<div class=\"elementor-widget-container\">\n\t\t\t\t\t\t\t\t\t<p><strong>Asistencia y protecci\u00f3n Allianz<\/strong><\/p><p>Estos servicios se otorgan para orientar y facilitar los peque\u00f1os percances del cliente.<\/p>\t\t\t\t\t\t\t\t<\/div>\n\t\t\t\t<\/div>\n\t\t\t\t<\/div>\n\t\t\t\t\t<\/div>\n\t\t\t\t<\/div>\n\t\t\t\t<\/div>\n\t\t","protected":false},"excerpt":{"rendered":"<p>Seguro Residencial \u00bfCu\u00e1l es la importancia de obtener un seguro de hogar? Allianz Residencial es una p\u00f3liza de hogar, ideal para las familias mexicanas que buscan seguridad y estabilidad econ\u00f3mica, mediante productos que protejan su patrimonio ante riesgos que pudieran presentarse en sus actividades cotidianas.Este producto fue creado para hacerle frente a cualquier accidente que pudiera ocurrirle a la propiedad, a los contenidos y al asegurado, sin desestabilizar la econom\u00eda familiar mediante diversas coberturas como: \u2022 Incendio, rayo y explosi\u00f3n\u2022 Terremoto y erupci\u00f3n volc\u00e1nica\u2022 Fen\u00f3menos Hidrometeorol\u00f3gicos\u2022 Responsabilidad civil La p\u00f3liza tambi\u00e9n se adecua a las necesidades del cliente, ya que cuenta con modalidades de contrataci\u00f3n dise\u00f1adas para propietario, inquilino y arrendador, seg\u00fan sea el caso. Dichas coberturas est\u00e1n disponibles en pesos y d\u00f3lares. Algunos beneficios que ofrece Allianz Residencial Primer riesgo absoluto: Allianz cubrir\u00e1 el da\u00f1o hasta el l\u00edmite de la suma asegurada, siempre y cuando se compruebe la pertenencia de los bienes. Todo riesgo: Todo lo que no est\u00e9 expresamente excluido bajo condiciones generales quedar\u00e1 cubierto. Coberturas b\u00e1sicas Incendio, rayo y explosi\u00f3n: Cobertura b\u00e1sica de todos los paquetes, la cual, indemniza da\u00f1os ocasionados por diversas causas, por ejemplo: incendio, huelgas, disturbios, rotura de tuber\u00edas y ca\u00edda de \u00e1rboles. Edificio y contenidos: Se cubre el edificio y todo lo que se encuentre dentro de la propiedad a excepci\u00f3n de lo que est\u00e9 expl\u00edcitamente excluido bajo condiciones generales. Valor reposici\u00f3n: Allianz cubrir\u00e1 la p\u00e9rdida del objeto con base en el costo de adquirirlo nuevamente. Coberturas opcionales con costo Las siguientes coberturas podr\u00e1n ser contratadas de manera opcional: Terremoto y\/o erupci\u00f3n volc\u00e1nica, Fen\u00f3menos Hidrometeorol\u00f3gicos Asistencia y protecci\u00f3n Allianz Estos servicios se otorgan para orientar y facilitar los peque\u00f1os percances del cliente. Asistencia telef\u00f3nica 24\/7 Plomer\u00eda, cerrajer\u00eda, cristales, entre otros Gastos funerarios Cobertura en viajes Cobertura para mascotas Pago de Siniestro dentro de los 30 d\u00edas posteriores a la entrega de la documentaci\u00f3n completa. Allianz Residencial Premier Es el \u00fanico paquete que te ofrece los siguientes beneficios: Asegurar casas o departamentos de fin de semana, de campo y\/o playa (s\u00f3lo modalidad propietario o inquilino) Cualquier tipo de casa de vacaciones sin importar el a\u00f1o de construcci\u00f3n (uso habitacional) Sumas aseguradas top: desde 3 MDP y hasta 50 MDP para edificio y desde 1 MDP y hasta 30 MDP para contenidos Declaraci\u00f3n de bienes: declara tus pertenencias para agilizar el proceso de siniestros Multiubicaci\u00f3n: agrega hasta 4 casas adicionales en tu p\u00f3liza Premier Exclusiones generales Casas o departamentos deshabitados o en obra negra Casas o departamentos con m\u00e1s del 15% de construcci\u00f3n de material combustible Departamentos en edificios con m\u00e1s de 20 pisos (contando estacionamientos y s\u00f3tanos) s\u00f3lo con previa autorizaci\u00f3n. Asistencia y protecci\u00f3n Allianz Estos servicios se otorgan para orientar y facilitar los peque\u00f1os percances del cliente.<\/p>\n","protected":false},"author":1,"featured_media":0,"parent":0,"menu_order":0,"comment_status":"closed","ping_status":"closed","template":"elementor_canvas","meta":{"footnotes":""},"class_list":["post-2303","page","type-page","status-publish","hentry"],"_links":{"self":[{"href":"https:\/\/proyectosjr.com\/index.php\/wp-json\/wp\/v2\/pages\/2303","targetHints":{"allow":["GET"]}}],"collection":[{"href":"https:\/\/proyectosjr.com\/index.php\/wp-json\/wp\/v2\/pages"}],"about":[{"href":"https:\/\/proyectosjr.com\/index.php\/wp-json\/wp\/v2\/types\/page"}],"author":[{"embeddable":true,"href":"https:\/\/proyectosjr.com\/index.php\/wp-json\/wp\/v2\/users\/1"}],"replies":[{"embeddable":true,"href":"https:\/\/proyectosjr.com\/index.php\/wp-json\/wp\/v2\/comments?post=2303"}],"version-history":[{"count":4,"href":"https:\/\/proyectosjr.com\/index.php\/wp-json\/wp\/v2\/pages\/2303\/revisions"}],"predecessor-version":[{"id":2308,"href":"https:\/\/proyectosjr.com\/index.php\/wp-json\/wp\/v2\/pages\/2303\/revisions\/2308"}],"wp:attachment":[{"href":"https:\/\/proyectosjr.com\/index.php\/wp-json\/wp\/v2\/media?parent=2303"}],"curies":[{"name":"wp","href":"https:\/\/api.w.org\/{rel}","templated":true}]}}