{"id":2286,"date":"2025-05-30T20:34:51","date_gmt":"2025-05-30T20:34:51","guid":{"rendered":"https:\/\/proyectosjr.com\/wordpress\/?page_id=2286"},"modified":"2025-05-30T20:37:16","modified_gmt":"2025-05-30T20:37:16","slug":"seguro-de-auto","status":"publish","type":"page","link":"https:\/\/proyectosjr.com\/index.php\/seguro-de-auto\/","title":{"rendered":"Seguro de auto"},"content":{"rendered":"\t\t<div data-elementor-type=\"wp-page\" data-elementor-id=\"2286\" class=\"elementor elementor-2286\">\n\t\t\t\t<div class=\"elementor-element elementor-element-2841fb7 e-flex e-con-boxed wpr-particle-no wpr-jarallax-no wpr-parallax-no wpr-sticky-section-no e-con e-parent\" data-id=\"2841fb7\" data-element_type=\"container\">\n\t\t\t\t\t<div class=\"e-con-inner\">\n\t\t<div class=\"elementor-element elementor-element-fac288d e-con-full e-flex wpr-particle-no wpr-jarallax-no wpr-parallax-no wpr-sticky-section-no e-con e-child\" data-id=\"fac288d\" data-element_type=\"container\">\n\t\t\t\t<div class=\"elementor-element elementor-element-da85520 elementor-widget elementor-widget-heading\" data-id=\"da85520\" data-element_type=\"widget\" data-widget_type=\"heading.default\">\n\t\t\t\t<div class=\"elementor-widget-container\">\n\t\t\t\t\t<h2 class=\"elementor-heading-title elementor-size-default\">Seguro de Auto<\/h2>\t\t\t\t<\/div>\n\t\t\t\t<\/div>\n\t\t\t\t<div class=\"elementor-element elementor-element-0488bbf elementor-widget elementor-widget-text-editor\" data-id=\"0488bbf\" data-element_type=\"widget\" data-widget_type=\"text-editor.default\">\n\t\t\t\t<div class=\"elementor-widget-container\">\n\t\t\t\t\t\t\t\t\t<p>La importancia de contrataar un seguro de auto. D\u00eda a d\u00eda el auto se encuentra expuesto a diferentes riesgos, ya sea mientras lo conduces o incluso estando estacionado.<br \/>El seguro de auto es una herramienta de apoyo que cubre los da\u00f1os a bienes o personas ocasionados en<br \/>un accidente vial, la reparaci\u00f3n del auto, gastos de atenci\u00f3n m\u00e9dica e incluso defensa legal.<\/p>\t\t\t\t\t\t\t\t<\/div>\n\t\t\t\t<\/div>\n\t\t\t\t<div class=\"elementor-element elementor-element-fa5650d elementor-widget elementor-widget-text-editor\" data-id=\"fa5650d\" data-element_type=\"widget\" data-widget_type=\"text-editor.default\">\n\t\t\t\t<div class=\"elementor-widget-container\">\n\t\t\t\t\t\t\t\t\t<p><strong>Allianz Auto ofrece 4 paquetes flexibles con coberturas <\/strong><strong>b\u00e1sicas y adicionales<\/strong><\/p>\t\t\t\t\t\t\t\t<\/div>\n\t\t\t\t<\/div>\n\t\t<div class=\"elementor-element elementor-element-0251b0f e-flex e-con-boxed wpr-particle-no wpr-jarallax-no wpr-parallax-no wpr-sticky-section-no e-con e-child\" data-id=\"0251b0f\" data-element_type=\"container\">\n\t\t\t\t\t<div class=\"e-con-inner\">\n\t\t<div class=\"elementor-element elementor-element-b204311 e-flex e-con-boxed wpr-particle-no wpr-jarallax-no wpr-parallax-no wpr-sticky-section-no e-con e-child\" data-id=\"b204311\" data-element_type=\"container\">\n\t\t\t\t\t<div class=\"e-con-inner\">\n\t\t\t\t<div class=\"elementor-element elementor-element-fc57b09 elementor-invisible elementor-widget elementor-widget-image\" data-id=\"fc57b09\" data-element_type=\"widget\" data-settings=\"{&quot;_animation&quot;:&quot;slideInLeft&quot;}\" data-widget_type=\"image.default\">\n\t\t\t\t<div class=\"elementor-widget-container\">\n\t\t\t\t\t\t\t\t\t\t\t\t\t\t\t<img fetchpriority=\"high\" decoding=\"async\" width=\"960\" height=\"543\" src=\"https:\/\/proyectosjr.com\/wp-content\/uploads\/2025\/05\/Captura-de-pantalla-2025-05-30-143459-1024x579.png\" class=\"attachment-large size-large wp-image-2289\" alt=\"\" srcset=\"https:\/\/proyectosjr.com\/wp-content\/uploads\/2025\/05\/Captura-de-pantalla-2025-05-30-143459-1024x579.png 1024w, https:\/\/proyectosjr.com\/wp-content\/uploads\/2025\/05\/Captura-de-pantalla-2025-05-30-143459-300x170.png 300w, https:\/\/proyectosjr.com\/wp-content\/uploads\/2025\/05\/Captura-de-pantalla-2025-05-30-143459-768x435.png 768w, https:\/\/proyectosjr.com\/wp-content\/uploads\/2025\/05\/Captura-de-pantalla-2025-05-30-143459.png 1214w\" sizes=\"(max-width: 960px) 100vw, 960px\" \/>\t\t\t\t\t\t\t\t\t\t\t\t\t\t\t<\/div>\n\t\t\t\t<\/div>\n\t\t\t\t<div class=\"elementor-element elementor-element-5839ad1 elementor-invisible elementor-widget elementor-widget-image\" data-id=\"5839ad1\" data-element_type=\"widget\" data-settings=\"{&quot;_animation&quot;:&quot;slideInLeft&quot;}\" data-widget_type=\"image.default\">\n\t\t\t\t<div class=\"elementor-widget-container\">\n\t\t\t\t\t\t\t\t\t\t\t\t\t\t\t<img decoding=\"async\" width=\"960\" height=\"291\" src=\"https:\/\/proyectosjr.com\/wp-content\/uploads\/2025\/05\/Captura-de-pantalla-2025-05-30-143644-1024x310.png\" class=\"attachment-large size-large wp-image-2290\" alt=\"\" srcset=\"https:\/\/proyectosjr.com\/wp-content\/uploads\/2025\/05\/Captura-de-pantalla-2025-05-30-143644-1024x310.png 1024w, https:\/\/proyectosjr.com\/wp-content\/uploads\/2025\/05\/Captura-de-pantalla-2025-05-30-143644-300x91.png 300w, https:\/\/proyectosjr.com\/wp-content\/uploads\/2025\/05\/Captura-de-pantalla-2025-05-30-143644-768x232.png 768w, https:\/\/proyectosjr.com\/wp-content\/uploads\/2025\/05\/Captura-de-pantalla-2025-05-30-143644.png 1197w\" sizes=\"(max-width: 960px) 100vw, 960px\" \/>\t\t\t\t\t\t\t\t\t\t\t\t\t\t\t<\/div>\n\t\t\t\t<\/div>\n\t\t\t\t\t<\/div>\n\t\t\t\t<\/div>\n\t\t\t\t\t<\/div>\n\t\t\t\t<\/div>\n\t\t\t\t<\/div>\n\t\t\t\t\t<\/div>\n\t\t\t\t<\/div>\n\t\t\t\t<\/div>\n\t\t","protected":false},"excerpt":{"rendered":"<p>Seguro de Auto La importancia de contrataar un seguro de auto. D\u00eda a d\u00eda el auto se encuentra expuesto a diferentes riesgos, ya sea mientras lo conduces o incluso estando estacionado.El seguro de auto es una herramienta de apoyo que cubre los da\u00f1os a bienes o personas ocasionados enun accidente vial, la reparaci\u00f3n del auto, gastos de atenci\u00f3n m\u00e9dica e incluso defensa legal. Allianz Auto ofrece 4 paquetes flexibles con coberturas b\u00e1sicas y adicionales<\/p>\n","protected":false},"author":1,"featured_media":0,"parent":0,"menu_order":0,"comment_status":"closed","ping_status":"closed","template":"elementor_canvas","meta":{"footnotes":""},"class_list":["post-2286","page","type-page","status-publish","hentry"],"_links":{"self":[{"href":"https:\/\/proyectosjr.com\/index.php\/wp-json\/wp\/v2\/pages\/2286","targetHints":{"allow":["GET"]}}],"collection":[{"href":"https:\/\/proyectosjr.com\/index.php\/wp-json\/wp\/v2\/pages"}],"about":[{"href":"https:\/\/proyectosjr.com\/index.php\/wp-json\/wp\/v2\/types\/page"}],"author":[{"embeddable":true,"href":"https:\/\/proyectosjr.com\/index.php\/wp-json\/wp\/v2\/users\/1"}],"replies":[{"embeddable":true,"href":"https:\/\/proyectosjr.com\/index.php\/wp-json\/wp\/v2\/comments?post=2286"}],"version-history":[{"count":4,"href":"https:\/\/proyectosjr.com\/index.php\/wp-json\/wp\/v2\/pages\/2286\/revisions"}],"predecessor-version":[{"id":2293,"href":"https:\/\/proyectosjr.com\/index.php\/wp-json\/wp\/v2\/pages\/2286\/revisions\/2293"}],"wp:attachment":[{"href":"https:\/\/proyectosjr.com\/index.php\/wp-json\/wp\/v2\/media?parent=2286"}],"curies":[{"name":"wp","href":"https:\/\/api.w.org\/{rel}","templated":true}]}}