{"id":2265,"date":"2025-05-30T18:58:14","date_gmt":"2025-05-30T18:58:14","guid":{"rendered":"https:\/\/proyectosjr.com\/wordpress\/?page_id=2265"},"modified":"2025-05-31T00:03:13","modified_gmt":"2025-05-31T00:03:13","slug":"seguro-de-vida","status":"publish","type":"page","link":"https:\/\/proyectosjr.com\/index.php\/seguro-de-vida\/","title":{"rendered":"Seguro de vida"},"content":{"rendered":"\t\t<div data-elementor-type=\"wp-page\" data-elementor-id=\"2265\" class=\"elementor elementor-2265\">\n\t\t\t\t<div class=\"elementor-element elementor-element-2841fb7 e-flex e-con-boxed wpr-particle-no wpr-jarallax-no wpr-parallax-no wpr-sticky-section-no e-con e-parent\" data-id=\"2841fb7\" data-element_type=\"container\">\n\t\t\t\t\t<div class=\"e-con-inner\">\n\t\t<div class=\"elementor-element elementor-element-fac288d e-con-full e-flex wpr-particle-no wpr-jarallax-no wpr-parallax-no wpr-sticky-section-no e-con e-child\" data-id=\"fac288d\" data-element_type=\"container\">\n\t\t\t\t<div class=\"elementor-element elementor-element-da85520 elementor-widget elementor-widget-heading\" data-id=\"da85520\" data-element_type=\"widget\" data-widget_type=\"heading.default\">\n\t\t\t\t<div class=\"elementor-widget-container\">\n\t\t\t\t\t<h2 class=\"elementor-heading-title elementor-size-default\">Seguro de vida OptiMaxx protecci\u00f3n<\/h2>\t\t\t\t<\/div>\n\t\t\t\t<\/div>\n\t\t\t\t<div class=\"elementor-element elementor-element-0488bbf elementor-widget elementor-widget-text-editor\" data-id=\"0488bbf\" data-element_type=\"widget\" data-widget_type=\"text-editor.default\">\n\t\t\t\t<div class=\"elementor-widget-container\">\n\t\t\t\t\t\t\t\t\t<p><strong>Los beneficios de contratar una p\u00f3liza de vida con Allianz<\/strong><\/p><p>OptiMaxx protecci\u00f3n es una p\u00f3liza de vida que tiene como objetivo brindar tranquilidad y mantener la calidad de vida de la familia del asegurado en caso de que \u00e9ste llegara a fallecer o invalidarse.<\/p><p>El Seguro de Vida es visto como un \u201ccommodity\u201d por lo que el cliente busca el mejor precio del mercado.<\/p><p>En su mayor\u00eda los productos de Vida Individual Tradicional son similares, esto nos ha impulsado a buscar una diferenciaci\u00f3n en 2 sentidos: precio y agilidad en procesos operativos, en las cuales Allianz se caracteriza por ofrecer lo mejor a sus clientes.<\/p><p><strong>\u00bfQu\u00e9 ofrece OptiMaxx protecci\u00f3n?<\/strong><\/p>\t\t\t\t\t\t\t\t<\/div>\n\t\t\t\t<\/div>\n\t\t\t\t<div class=\"elementor-element elementor-element-ea924c6 elementor-icon-list--layout-traditional elementor-list-item-link-full_width elementor-widget elementor-widget-icon-list\" data-id=\"ea924c6\" data-element_type=\"widget\" data-widget_type=\"icon-list.default\">\n\t\t\t\t<div class=\"elementor-widget-container\">\n\t\t\t\t\t\t\t<ul class=\"elementor-icon-list-items\">\n\t\t\t\t\t\t\t<li class=\"elementor-icon-list-item\">\n\t\t\t\t\t\t\t\t\t\t\t<span class=\"elementor-icon-list-icon\">\n\t\t\t\t\t\t\t<svg aria-hidden=\"true\" class=\"e-font-icon-svg e-fas-circle\" viewBox=\"0 0 512 512\" xmlns=\"http:\/\/www.w3.org\/2000\/svg\"><path d=\"M256 8C119 8 8 119 8 256s111 248 248 248 248-111 248-248S393 8 256 8z\"><\/path><\/svg>\t\t\t\t\t\t<\/span>\n\t\t\t\t\t\t\t\t\t\t<span class=\"elementor-icon-list-text\">Contrataci\u00f3n en diferentes monedas: Pesos, Pesos Revaluables y D\u00f3lares.<\/span>\n\t\t\t\t\t\t\t\t\t<\/li>\n\t\t\t\t\t\t\t\t<li class=\"elementor-icon-list-item\">\n\t\t\t\t\t\t\t\t\t\t\t<span class=\"elementor-icon-list-icon\">\n\t\t\t\t\t\t\t<svg aria-hidden=\"true\" class=\"e-font-icon-svg e-fas-circle\" viewBox=\"0 0 512 512\" xmlns=\"http:\/\/www.w3.org\/2000\/svg\"><path d=\"M256 8C119 8 8 119 8 256s111 248 248 248 248-111 248-248S393 8 256 8z\"><\/path><\/svg>\t\t\t\t\t\t<\/span>\n\t\t\t\t\t\t\t\t\t\t<span class=\"elementor-icon-list-text\">Plazos de 1 (renovaci\u00f3n autom\u00e1tica y con las tres monedas), 5, 10, 20 y 25 a\u00f1os (con las tres monedas).<\/span>\n\t\t\t\t\t\t\t\t\t<\/li>\n\t\t\t\t\t\t\t\t<li class=\"elementor-icon-list-item\">\n\t\t\t\t\t\t\t\t\t\t\t<span class=\"elementor-icon-list-icon\">\n\t\t\t\t\t\t\t<svg aria-hidden=\"true\" class=\"e-font-icon-svg e-fas-circle\" viewBox=\"0 0 512 512\" xmlns=\"http:\/\/www.w3.org\/2000\/svg\"><path d=\"M256 8C119 8 8 119 8 256s111 248 248 248 248-111 248-248S393 8 256 8z\"><\/path><\/svg>\t\t\t\t\t\t<\/span>\n\t\t\t\t\t\t\t\t\t\t<span class=\"elementor-icon-list-text\">Pago con: tarjeta de cr\u00e9dito o cuenta CLABE, AMEX.<\/span>\n\t\t\t\t\t\t\t\t\t<\/li>\n\t\t\t\t\t\t<\/ul>\n\t\t\t\t\t\t<\/div>\n\t\t\t\t<\/div>\n\t\t\t\t<div class=\"elementor-element elementor-element-fa5650d elementor-widget elementor-widget-text-editor\" data-id=\"fa5650d\" data-element_type=\"widget\" data-widget_type=\"text-editor.default\">\n\t\t\t\t<div class=\"elementor-widget-container\">\n\t\t\t\t\t\t\t\t\t<p><strong>Beneficios:<\/strong><\/p>\t\t\t\t\t\t\t\t<\/div>\n\t\t\t\t<\/div>\n\t\t\t\t<div class=\"elementor-element elementor-element-20d479f elementor-icon-list--layout-traditional elementor-list-item-link-full_width elementor-widget elementor-widget-icon-list\" data-id=\"20d479f\" data-element_type=\"widget\" data-widget_type=\"icon-list.default\">\n\t\t\t\t<div class=\"elementor-widget-container\">\n\t\t\t\t\t\t\t<ul class=\"elementor-icon-list-items\">\n\t\t\t\t\t\t\t<li class=\"elementor-icon-list-item\">\n\t\t\t\t\t\t\t\t\t\t\t<span class=\"elementor-icon-list-icon\">\n\t\t\t\t\t\t\t<svg aria-hidden=\"true\" class=\"e-font-icon-svg e-fas-circle\" viewBox=\"0 0 512 512\" xmlns=\"http:\/\/www.w3.org\/2000\/svg\"><path d=\"M256 8C119 8 8 119 8 256s111 248 248 248 248-111 248-248S393 8 256 8z\"><\/path><\/svg>\t\t\t\t\t\t<\/span>\n\t\t\t\t\t\t\t\t\t\t<span class=\"elementor-icon-list-text\">Edad de aceptaci\u00f3n de 18 a 70 a\u00f1os para cobertura B\u00e1sica y Devoluci\u00f3n de Primas<\/span>\n\t\t\t\t\t\t\t\t\t<\/li>\n\t\t\t\t\t\t\t\t<li class=\"elementor-icon-list-item\">\n\t\t\t\t\t\t\t\t\t\t\t<span class=\"elementor-icon-list-icon\">\n\t\t\t\t\t\t\t<svg aria-hidden=\"true\" class=\"e-font-icon-svg e-fas-circle\" viewBox=\"0 0 512 512\" xmlns=\"http:\/\/www.w3.org\/2000\/svg\"><path d=\"M256 8C119 8 8 119 8 256s111 248 248 248 248-111 248-248S393 8 256 8z\"><\/path><\/svg>\t\t\t\t\t\t<\/span>\n\t\t\t\t\t\t\t\t\t\t<span class=\"elementor-icon-list-text\">Periodicidad mensual, trimestral, semestral y anual<\/span>\n\t\t\t\t\t\t\t\t\t<\/li>\n\t\t\t\t\t\t\t\t<li class=\"elementor-icon-list-item\">\n\t\t\t\t\t\t\t\t\t\t\t<span class=\"elementor-icon-list-icon\">\n\t\t\t\t\t\t\t<svg aria-hidden=\"true\" class=\"e-font-icon-svg e-fas-circle\" viewBox=\"0 0 512 512\" xmlns=\"http:\/\/www.w3.org\/2000\/svg\"><path d=\"M256 8C119 8 8 119 8 256s111 248 248 248 248-111 248-248S393 8 256 8z\"><\/path><\/svg>\t\t\t\t\t\t<\/span>\n\t\t\t\t\t\t\t\t\t\t<span class=\"elementor-icon-list-text\">Periodo de gracia (30 d\u00edas)<\/span>\n\t\t\t\t\t\t\t\t\t<\/li>\n\t\t\t\t\t\t\t\t<li class=\"elementor-icon-list-item\">\n\t\t\t\t\t\t\t\t\t\t\t<span class=\"elementor-icon-list-icon\">\n\t\t\t\t\t\t\t<svg aria-hidden=\"true\" class=\"e-font-icon-svg e-fas-circle\" viewBox=\"0 0 512 512\" xmlns=\"http:\/\/www.w3.org\/2000\/svg\"><path d=\"M256 8C119 8 8 119 8 256s111 248 248 248 248-111 248-248S393 8 256 8z\"><\/path><\/svg>\t\t\t\t\t\t<\/span>\n\t\t\t\t\t\t\t\t\t\t<span class=\"elementor-icon-list-text\">Rehabilitaci\u00f3n Fast-Track<\/span>\n\t\t\t\t\t\t\t\t\t<\/li>\n\t\t\t\t\t\t\t\t<li class=\"elementor-icon-list-item\">\n\t\t\t\t\t\t\t\t\t\t\t<span class=\"elementor-icon-list-icon\">\n\t\t\t\t\t\t\t<svg aria-hidden=\"true\" class=\"e-font-icon-svg e-fas-circle\" viewBox=\"0 0 512 512\" xmlns=\"http:\/\/www.w3.org\/2000\/svg\"><path d=\"M256 8C119 8 8 119 8 256s111 248 248 248 248-111 248-248S393 8 256 8z\"><\/path><\/svg>\t\t\t\t\t\t<\/span>\n\t\t\t\t\t\t\t\t\t\t<span class=\"elementor-icon-list-text\">\u00daltimos gastos (2 a\u00f1os) del 30 % de suma asegurada topada a 65 UMAs<\/span>\n\t\t\t\t\t\t\t\t\t<\/li>\n\t\t\t\t\t\t<\/ul>\n\t\t\t\t\t\t<\/div>\n\t\t\t\t<\/div>\n\t\t\t\t<div class=\"elementor-element elementor-element-1e830c8 wpr-advanced-accordion-icon-no-box elementor-invisible elementor-widget elementor-widget-wpr-advanced-accordion\" data-id=\"1e830c8\" data-element_type=\"widget\" data-settings=\"{&quot;_animation&quot;:&quot;fadeIn&quot;,&quot;active_item&quot;:1}\" data-widget_type=\"wpr-advanced-accordion.default\">\n\t\t\t\t<div class=\"elementor-widget-container\">\n\t\t\t\t\t\n            <div class=\"wpr-advanced-accordion\" data-accordion-type=\"accordion\" data-active-index=\"1\" data-accordion-trigger=\"click\" data-interaction-speed=\"0.4\">\n\n\t\t\t\n                \n\t\t\t\t\t<div class=\"wpr-accordion-item-wrap\">\n\t\t\t\t\t\t<button class=\"wpr-acc-button\">\n\t\t\t\t\t\t\t<span class=\"wpr-acc-item-title\">\n\t\t\t\t\t\t\t\t\t\t\t\t<span class=\"wpr-title-icon\">\n\t\t\t\t\t\t\t\t\t<\/span>\n\t\t\t\n\t\t\t\t\t\t\t\t<span class=\"wpr-acc-title-text\">\u00bfCu\u00e1ndo es el mejor momento para contratar un seguro de vida?<\/span>\n\t\t\t\t\t\t\t<\/span>\n\t\t\t\t\t\t\t\t\t\t\t<span class=\"wpr-toggle-icon wpr-ti-close\"><svg aria-hidden=\"true\" class=\"e-font-icon-svg e-fas-caret-down\" viewBox=\"0 0 320 512\" xmlns=\"http:\/\/www.w3.org\/2000\/svg\"><path d=\"M31.3 192h257.3c17.8 0 26.7 21.5 14.1 34.1L174.1 354.8c-7.8 7.8-20.5 7.8-28.3 0L17.2 226.1C4.6 213.5 13.5 192 31.3 192z\"><\/path><\/svg><\/span>\n\t\t\t\t<span class=\"wpr-toggle-icon wpr-ti-open\"><svg aria-hidden=\"true\" class=\"e-font-icon-svg e-fas-caret-up\" viewBox=\"0 0 320 512\" xmlns=\"http:\/\/www.w3.org\/2000\/svg\"><path d=\"M288.662 352H31.338c-17.818 0-26.741-21.543-14.142-34.142l128.662-128.662c7.81-7.81 20.474-7.81 28.284 0l128.662 128.662c12.6 12.599 3.676 34.142-14.142 34.142z\"><\/path><\/svg><\/span>\n\t\t\t\t\t\t\t\t\t<\/button>\n\n\t\t\t\t\t\t<div class=\"wpr-acc-panel\">\n\t\t\t\t\t\t\t\t\t\t\t\t\t\t\t<div class=\"wpr-acc-panel-content\"><p>En el momento en el que hay un ambiente de vulnerabilidad se crea una necesidad de proteger a la familia, que resulta en un incremento en la compra de seguros de vida tradicionales.<br \/>En M\u00e9xico s\u00f3lo el 6.5% de la poblaci\u00f3n cuenta con un seguro de vida individual. Esta cifra equivale a s\u00f3lo 8.5 millones de personas de la PEA (poblaci\u00f3n econ\u00f3micamente activa).<\/p><p>\u00a0<\/p><p><strong>Invalidez total y permanente<\/strong><\/p><p>\u2022 Se indemnizar\u00e1 al cliente si este llegara a ser dictaminado con invalidez por una instituci\u00f3n como: IMSS, ISSSTE o un m\u00e9dico certificado.<br \/>\u2022 La cobertura opera de la siguiente manera:<\/p><p><strong>Paso 1<\/strong><br \/>El m\u00e9dicodel trabajo<br \/>dictaminainvalidezy elaseguradopresentaeldictamen aAZ, a partirde la fechade dictamen empiezanlos6 meses de espera.<\/p><p><strong>Paso 2<\/strong><br \/>Una vez transcurridos los 6 meses, sin presentar recuperaci\u00f3n, de la salud, Allianz acepta la invalidez total y permanente.<\/p><p><strong>Paso 3<\/strong><br \/>Allianz liquida el 100% de la Suma Asegurada de dicha cobertura y exime de los pagos subsecuentes al asegurado.<\/p><\/div>\n\t\t\t\t\t\t\t\t\t\t\t\t\t<\/div>\n                    <\/div>\n\n                \n\t\t\t\t\t<div class=\"wpr-accordion-item-wrap\">\n\t\t\t\t\t\t<button class=\"wpr-acc-button\">\n\t\t\t\t\t\t\t<span class=\"wpr-acc-item-title\">\n\t\t\t\t\t\t\t\t\t\t\t\t<span class=\"wpr-title-icon\">\n\t\t\t\t\t\t\t\t\t<\/span>\n\t\t\t\n\t\t\t\t\t\t\t\t<span class=\"wpr-acc-title-text\">Coberturas adicionales<\/span>\n\t\t\t\t\t\t\t<\/span>\n\t\t\t\t\t\t\t\t\t\t\t<span class=\"wpr-toggle-icon wpr-ti-close\"><svg aria-hidden=\"true\" class=\"e-font-icon-svg e-fas-caret-down\" viewBox=\"0 0 320 512\" xmlns=\"http:\/\/www.w3.org\/2000\/svg\"><path d=\"M31.3 192h257.3c17.8 0 26.7 21.5 14.1 34.1L174.1 354.8c-7.8 7.8-20.5 7.8-28.3 0L17.2 226.1C4.6 213.5 13.5 192 31.3 192z\"><\/path><\/svg><\/span>\n\t\t\t\t<span class=\"wpr-toggle-icon wpr-ti-open\"><svg aria-hidden=\"true\" class=\"e-font-icon-svg e-fas-caret-up\" viewBox=\"0 0 320 512\" xmlns=\"http:\/\/www.w3.org\/2000\/svg\"><path d=\"M288.662 352H31.338c-17.818 0-26.741-21.543-14.142-34.142l128.662-128.662c7.81-7.81 20.474-7.81 28.284 0l128.662 128.662c12.6 12.599 3.676 34.142-14.142 34.142z\"><\/path><\/svg><\/span>\n\t\t\t\t\t\t\t\t\t<\/button>\n\n\t\t\t\t\t\t<div class=\"wpr-acc-panel\">\n\t\t\t\t\t\t\t\t\t\t\t\t\t\t\t<div class=\"wpr-acc-panel-content\"><p><strong>Exenci\u00f3n de Pago de Primas<\/strong><\/p><p>\u00c9sta cubrir\u00e1 las primas que no hayan sido pagadas si el asegurado llegara a invalidarse.<\/p><p>\u00a0<\/p><p><strong>Enfermedades graves<\/strong><\/p><p>Si durante la vigencia de la cobertura y una vez transcurrido el periodo de espera, al Asegurado le es diagnosticada alguna de las enfermedades graves cubiertas, Allianz pagar\u00e1 por una \u00fanica ocasi\u00f3n, la SA establecida en la car\u00e1tula de la p\u00f3liza para este beneficio.<\/p><p>\u00a0<\/p><p><strong>Muerte accidental y perdidas org\u00e1nicas<\/strong><\/p><p>Esta cobertura indemnizar\u00e1 a los beneficiarios si por un accidente, dentro de los 90 d\u00edas posteriores a \u00e9ste, si el asegurado falleciera. Si el asegurado no fallece, pero pierde alg\u00fan \u00f3rgano, ser\u00eda indemnizado conforme a la tabla de perdidas org\u00e1nicas que se encuentra anexa en condiciones generales.<\/p><\/div>\n\t\t\t\t\t\t\t\t\t\t\t\t\t<\/div>\n                    <\/div>\n\n                            <\/div>\n        \t\t\t\t<\/div>\n\t\t\t\t<\/div>\n\t\t\t\t<\/div>\n\t\t\t\t\t<\/div>\n\t\t\t\t<\/div>\n\t\t\t\t<\/div>\n\t\t","protected":false},"excerpt":{"rendered":"<p>Seguro de vida OptiMaxx protecci\u00f3n Los beneficios de contratar una p\u00f3liza de vida con Allianz OptiMaxx protecci\u00f3n es una p\u00f3liza de vida que tiene como objetivo brindar tranquilidad y mantener la calidad de vida de la familia del asegurado en caso de que \u00e9ste llegara a fallecer o invalidarse. El Seguro de Vida es visto como un \u201ccommodity\u201d por lo que el cliente busca el mejor precio del mercado. En su mayor\u00eda los productos de Vida Individual Tradicional son similares, esto nos ha impulsado a buscar una diferenciaci\u00f3n en 2 sentidos: precio y agilidad en procesos operativos, en las cuales Allianz se caracteriza por ofrecer lo mejor a sus clientes. \u00bfQu\u00e9 ofrece OptiMaxx protecci\u00f3n? Contrataci\u00f3n en diferentes monedas: Pesos, Pesos Revaluables y D\u00f3lares. Plazos de 1 (renovaci\u00f3n autom\u00e1tica y con las tres monedas), 5, 10, 20 y 25 a\u00f1os (con las tres monedas). Pago con: tarjeta de cr\u00e9dito o cuenta CLABE, AMEX. Beneficios: Edad de aceptaci\u00f3n de 18 a 70 a\u00f1os para cobertura B\u00e1sica y Devoluci\u00f3n de Primas Periodicidad mensual, trimestral, semestral y anual Periodo de gracia (30 d\u00edas) Rehabilitaci\u00f3n Fast-Track \u00daltimos gastos (2 a\u00f1os) del 30 % de suma asegurada topada a 65 UMAs \u00bfCu\u00e1ndo es el mejor momento para contratar un seguro de vida? En el momento en el que hay un ambiente de vulnerabilidad se crea una necesidad de proteger a la familia, que resulta en un incremento en la compra de seguros de vida tradicionales.En M\u00e9xico s\u00f3lo el 6.5% de la poblaci\u00f3n cuenta con un seguro de vida individual. Esta cifra equivale a s\u00f3lo 8.5 millones de personas de la PEA (poblaci\u00f3n econ\u00f3micamente activa). \u00a0 Invalidez total y permanente \u2022 Se indemnizar\u00e1 al cliente si este llegara a ser dictaminado con invalidez por una instituci\u00f3n como: IMSS, ISSSTE o un m\u00e9dico certificado.\u2022 La cobertura opera de la siguiente manera: Paso 1El m\u00e9dicodel trabajodictaminainvalidezy elaseguradopresentaeldictamen aAZ, a partirde la fechade dictamen empiezanlos6 meses de espera. Paso 2Una vez transcurridos los 6 meses, sin presentar recuperaci\u00f3n, de la salud, Allianz acepta la invalidez total y permanente. Paso 3Allianz liquida el 100% de la Suma Asegurada de dicha cobertura y exime de los pagos subsecuentes al asegurado. Coberturas adicionales Exenci\u00f3n de Pago de Primas \u00c9sta cubrir\u00e1 las primas que no hayan sido pagadas si el asegurado llegara a invalidarse. \u00a0 Enfermedades graves Si durante la vigencia de la cobertura y una vez transcurrido el periodo de espera, al Asegurado le es diagnosticada alguna de las enfermedades graves cubiertas, Allianz pagar\u00e1 por una \u00fanica ocasi\u00f3n, la SA establecida en la car\u00e1tula de la p\u00f3liza para este beneficio. \u00a0 Muerte accidental y perdidas org\u00e1nicas Esta cobertura indemnizar\u00e1 a los beneficiarios si por un accidente, dentro de los 90 d\u00edas posteriores a \u00e9ste, si el asegurado falleciera. Si el asegurado no fallece, pero pierde alg\u00fan \u00f3rgano, ser\u00eda indemnizado conforme a la tabla de perdidas org\u00e1nicas que se encuentra anexa en condiciones generales.<\/p>\n","protected":false},"author":1,"featured_media":0,"parent":0,"menu_order":0,"comment_status":"closed","ping_status":"closed","template":"elementor_canvas","meta":{"footnotes":""},"class_list":["post-2265","page","type-page","status-publish","hentry"],"_links":{"self":[{"href":"https:\/\/proyectosjr.com\/index.php\/wp-json\/wp\/v2\/pages\/2265","targetHints":{"allow":["GET"]}}],"collection":[{"href":"https:\/\/proyectosjr.com\/index.php\/wp-json\/wp\/v2\/pages"}],"about":[{"href":"https:\/\/proyectosjr.com\/index.php\/wp-json\/wp\/v2\/types\/page"}],"author":[{"embeddable":true,"href":"https:\/\/proyectosjr.com\/index.php\/wp-json\/wp\/v2\/users\/1"}],"replies":[{"embeddable":true,"href":"https:\/\/proyectosjr.com\/index.php\/wp-json\/wp\/v2\/comments?post=2265"}],"version-history":[{"count":22,"href":"https:\/\/proyectosjr.com\/index.php\/wp-json\/wp\/v2\/pages\/2265\/revisions"}],"predecessor-version":[{"id":2331,"href":"https:\/\/proyectosjr.com\/index.php\/wp-json\/wp\/v2\/pages\/2265\/revisions\/2331"}],"wp:attachment":[{"href":"https:\/\/proyectosjr.com\/index.php\/wp-json\/wp\/v2\/media?parent=2265"}],"curies":[{"name":"wp","href":"https:\/\/api.w.org\/{rel}","templated":true}]}}