{"id":2253,"date":"2025-05-30T18:38:18","date_gmt":"2025-05-30T18:38:18","guid":{"rendered":"https:\/\/proyectosjr.com\/wordpress\/?page_id=2253"},"modified":"2025-05-30T18:46:53","modified_gmt":"2025-05-30T18:46:53","slug":"educacion-para-los-hijos","status":"publish","type":"page","link":"https:\/\/proyectosjr.com\/index.php\/educacion-para-los-hijos\/","title":{"rendered":"Educaci\u00f3n"},"content":{"rendered":"\t\t<div data-elementor-type=\"wp-page\" data-elementor-id=\"2253\" class=\"elementor elementor-2253\">\n\t\t\t\t<div class=\"elementor-element elementor-element-2841fb7 e-flex e-con-boxed wpr-particle-no wpr-jarallax-no wpr-parallax-no wpr-sticky-section-no e-con e-parent\" data-id=\"2841fb7\" data-element_type=\"container\">\n\t\t\t\t\t<div class=\"e-con-inner\">\n\t\t<div class=\"elementor-element elementor-element-fac288d e-con-full e-flex wpr-particle-no wpr-jarallax-no wpr-parallax-no wpr-sticky-section-no e-con e-child\" data-id=\"fac288d\" data-element_type=\"container\">\n\t\t\t\t<div class=\"elementor-element elementor-element-da85520 elementor-widget elementor-widget-heading\" data-id=\"da85520\" data-element_type=\"widget\" data-widget_type=\"heading.default\">\n\t\t\t\t<div class=\"elementor-widget-container\">\n\t\t\t\t\t<h2 class=\"elementor-heading-title elementor-size-default\">Planes de educaci\u00f3n para los hijos<\/h2>\t\t\t\t<\/div>\n\t\t\t\t<\/div>\n\t\t\t\t<div class=\"elementor-element elementor-element-0488bbf elementor-widget elementor-widget-text-editor\" data-id=\"0488bbf\" data-element_type=\"widget\" data-widget_type=\"text-editor.default\">\n\t\t\t\t<div class=\"elementor-widget-container\">\n\t\t\t\t\t\t\t\t\t<p>\u00bfSab\u00edas que el costo de la educaci\u00f3n universitaria en M\u00e9xico de un ni\u00f1o que nace hoy va a ser mayor a un mill\u00f3n de pesos?<br \/>OptiMaxx educaci\u00f3n de Allianz es el instrumento ideal para construir desde hoy, el patrimonio necesario que te permite asegurar la educaci\u00f3n de tus hijos, libre de preocupaciones financieras.<br \/>OptiMaxx educaci\u00f3n es el primer plan educacional que te otorga un beneficio fiscal. Hemos creado la figura de un fideicomiso educacional para aprovechar dichos beneficios.<br \/>En el lamentable caso de que el titular llegara a incapacitarse o fallecer, OptiMaxx educaci\u00f3n ofrece una cobertura a trav\u00e9s de la cual garantiza el cumplimiento de las aportaciones del plan por el resto del plazo.<\/p>\t\t\t\t\t\t\t\t<\/div>\n\t\t\t\t<\/div>\n\t\t\t\t<div class=\"elementor-element elementor-element-2b626df elementor-widget elementor-widget-text-editor\" data-id=\"2b626df\" data-element_type=\"widget\" data-widget_type=\"text-editor.default\">\n\t\t\t\t<div class=\"elementor-widget-container\">\n\t\t\t\t\t\t\t\t\t<p>Plan educacional, con beneficios fiscales, que entre otros ofrece:<\/p>\t\t\t\t\t\t\t\t<\/div>\n\t\t\t\t<\/div>\n\t\t\t\t<div class=\"elementor-element elementor-element-ea924c6 elementor-icon-list--layout-traditional elementor-list-item-link-full_width elementor-widget elementor-widget-icon-list\" data-id=\"ea924c6\" data-element_type=\"widget\" data-widget_type=\"icon-list.default\">\n\t\t\t\t<div class=\"elementor-widget-container\">\n\t\t\t\t\t\t\t<ul class=\"elementor-icon-list-items\">\n\t\t\t\t\t\t\t<li class=\"elementor-icon-list-item\">\n\t\t\t\t\t\t\t\t\t\t\t<span class=\"elementor-icon-list-icon\">\n\t\t\t\t\t\t\t<svg aria-hidden=\"true\" class=\"e-font-icon-svg e-fas-circle\" viewBox=\"0 0 512 512\" xmlns=\"http:\/\/www.w3.org\/2000\/svg\"><path d=\"M256 8C119 8 8 119 8 256s111 248 248 248 248-111 248-248S393 8 256 8z\"><\/path><\/svg>\t\t\t\t\t\t<\/span>\n\t\t\t\t\t\t\t\t\t\t<span class=\"elementor-icon-list-text\">Plan de ahorro a la medida del cliente<\/span>\n\t\t\t\t\t\t\t\t\t<\/li>\n\t\t\t\t\t\t\t\t<li class=\"elementor-icon-list-item\">\n\t\t\t\t\t\t\t\t\t\t\t<span class=\"elementor-icon-list-icon\">\n\t\t\t\t\t\t\t<svg aria-hidden=\"true\" class=\"e-font-icon-svg e-fas-circle\" viewBox=\"0 0 512 512\" xmlns=\"http:\/\/www.w3.org\/2000\/svg\"><path d=\"M256 8C119 8 8 119 8 256s111 248 248 248 248-111 248-248S393 8 256 8z\"><\/path><\/svg>\t\t\t\t\t\t<\/span>\n\t\t\t\t\t\t\t\t\t\t<span class=\"elementor-icon-list-text\">Aportaci\u00f3n desde $2,000 pesos mensuales<\/span>\n\t\t\t\t\t\t\t\t\t<\/li>\n\t\t\t\t\t\t\t\t<li class=\"elementor-icon-list-item\">\n\t\t\t\t\t\t\t\t\t\t\t<span class=\"elementor-icon-list-icon\">\n\t\t\t\t\t\t\t<svg aria-hidden=\"true\" class=\"e-font-icon-svg e-fas-circle\" viewBox=\"0 0 512 512\" xmlns=\"http:\/\/www.w3.org\/2000\/svg\"><path d=\"M256 8C119 8 8 119 8 256s111 248 248 248 248-111 248-248S393 8 256 8z\"><\/path><\/svg>\t\t\t\t\t\t<\/span>\n\t\t\t\t\t\t\t\t\t\t<span class=\"elementor-icon-list-text\">Periodicidad: mensual, trimestral, semestral y anual<\/span>\n\t\t\t\t\t\t\t\t\t<\/li>\n\t\t\t\t\t\t\t\t<li class=\"elementor-icon-list-item\">\n\t\t\t\t\t\t\t\t\t\t\t<span class=\"elementor-icon-list-icon\">\n\t\t\t\t\t\t\t<svg aria-hidden=\"true\" class=\"e-font-icon-svg e-fas-circle\" viewBox=\"0 0 512 512\" xmlns=\"http:\/\/www.w3.org\/2000\/svg\"><path d=\"M256 8C119 8 8 119 8 256s111 248 248 248 248-111 248-248S393 8 256 8z\"><\/path><\/svg>\t\t\t\t\t\t<\/span>\n\t\t\t\t\t\t\t\t\t\t<span class=\"elementor-icon-list-text\">Plazo desde 10 hasta 25 a\u00f1os<\/span>\n\t\t\t\t\t\t\t\t\t<\/li>\n\t\t\t\t\t\t\t\t<li class=\"elementor-icon-list-item\">\n\t\t\t\t\t\t\t\t\t\t\t<span class=\"elementor-icon-list-icon\">\n\t\t\t\t\t\t\t<svg aria-hidden=\"true\" class=\"e-font-icon-svg e-fas-circle\" viewBox=\"0 0 512 512\" xmlns=\"http:\/\/www.w3.org\/2000\/svg\"><path d=\"M256 8C119 8 8 119 8 256s111 248 248 248 248-111 248-248S393 8 256 8z\"><\/path><\/svg>\t\t\t\t\t\t<\/span>\n\t\t\t\t\t\t\t\t\t\t<span class=\"elementor-icon-list-text\">Opci\u00f3n a diversificar sin costo entre 19 alternativas de inversi\u00f3n<\/span>\n\t\t\t\t\t\t\t\t\t<\/li>\n\t\t\t\t\t\t<\/ul>\n\t\t\t\t\t\t<\/div>\n\t\t\t\t<\/div>\n\t\t\t\t<div class=\"elementor-element elementor-element-000753a elementor-widget elementor-widget-text-editor\" data-id=\"000753a\" data-element_type=\"widget\" data-widget_type=\"text-editor.default\">\n\t\t\t\t<div class=\"elementor-widget-container\">\n\t\t\t\t\t\t\t\t\t<p><strong>Beneficios b\u00e1sicos<\/strong><\/p>\t\t\t\t\t\t\t\t<\/div>\n\t\t\t\t<\/div>\n\t\t\t\t<div class=\"elementor-element elementor-element-fdd4107 elementor-icon-list--layout-traditional elementor-list-item-link-full_width elementor-widget elementor-widget-icon-list\" data-id=\"fdd4107\" data-element_type=\"widget\" data-widget_type=\"icon-list.default\">\n\t\t\t\t<div class=\"elementor-widget-container\">\n\t\t\t\t\t\t\t<ul class=\"elementor-icon-list-items\">\n\t\t\t\t\t\t\t<li class=\"elementor-icon-list-item\">\n\t\t\t\t\t\t\t\t\t\t\t<span class=\"elementor-icon-list-icon\">\n\t\t\t\t\t\t\t<svg aria-hidden=\"true\" class=\"e-font-icon-svg e-fas-circle\" viewBox=\"0 0 512 512\" xmlns=\"http:\/\/www.w3.org\/2000\/svg\"><path d=\"M256 8C119 8 8 119 8 256s111 248 248 248 248-111 248-248S393 8 256 8z\"><\/path><\/svg>\t\t\t\t\t\t<\/span>\n\t\t\t\t\t\t\t\t\t\t<span class=\"elementor-icon-list-text\">Cobertura b\u00e1sica ahorro + Cobertura b\u00e1sica por muerte accidental<\/span>\n\t\t\t\t\t\t\t\t\t<\/li>\n\t\t\t\t\t\t\t\t<li class=\"elementor-icon-list-item\">\n\t\t\t\t\t\t\t\t\t\t\t<span class=\"elementor-icon-list-icon\">\n\t\t\t\t\t\t\t<svg aria-hidden=\"true\" class=\"e-font-icon-svg e-fas-circle\" viewBox=\"0 0 512 512\" xmlns=\"http:\/\/www.w3.org\/2000\/svg\"><path d=\"M256 8C119 8 8 119 8 256s111 248 248 248 248-111 248-248S393 8 256 8z\"><\/path><\/svg>\t\t\t\t\t\t<\/span>\n\t\t\t\t\t\t\t\t\t\t<span class=\"elementor-icon-list-text\">Cobertura b\u00e1sica ahorro + Cobertura b\u00e1sica por fallecimiento e invalidez (Incluye muerte accidental)<\/span>\n\t\t\t\t\t\t\t\t\t<\/li>\n\t\t\t\t\t\t<\/ul>\n\t\t\t\t\t\t<\/div>\n\t\t\t\t<\/div>\n\t\t\t\t<div class=\"elementor-element elementor-element-38ddfd1 elementor-widget elementor-widget-text-editor\" data-id=\"38ddfd1\" data-element_type=\"widget\" data-widget_type=\"text-editor.default\">\n\t\t\t\t<div class=\"elementor-widget-container\">\n\t\t\t\t\t\t\t\t\t<p><strong>Beneficios opcionales<\/strong><\/p>\t\t\t\t\t\t\t\t<\/div>\n\t\t\t\t<\/div>\n\t\t\t\t<div class=\"elementor-element elementor-element-77a88d0 elementor-icon-list--layout-traditional elementor-list-item-link-full_width elementor-widget elementor-widget-icon-list\" data-id=\"77a88d0\" data-element_type=\"widget\" data-widget_type=\"icon-list.default\">\n\t\t\t\t<div class=\"elementor-widget-container\">\n\t\t\t\t\t\t\t<ul class=\"elementor-icon-list-items\">\n\t\t\t\t\t\t\t<li class=\"elementor-icon-list-item\">\n\t\t\t\t\t\t\t\t\t\t\t<span class=\"elementor-icon-list-icon\">\n\t\t\t\t\t\t\t<svg aria-hidden=\"true\" class=\"e-font-icon-svg e-fas-circle\" viewBox=\"0 0 512 512\" xmlns=\"http:\/\/www.w3.org\/2000\/svg\"><path d=\"M256 8C119 8 8 119 8 256s111 248 248 248 248-111 248-248S393 8 256 8z\"><\/path><\/svg>\t\t\t\t\t\t<\/span>\n\t\t\t\t\t\t\t\t\t\t<span class=\"elementor-icon-list-text\">Seguro por doble aportaci\u00f3n<\/span>\n\t\t\t\t\t\t\t\t\t<\/li>\n\t\t\t\t\t\t\t\t<li class=\"elementor-icon-list-item\">\n\t\t\t\t\t\t\t\t\t\t\t<span class=\"elementor-icon-list-icon\">\n\t\t\t\t\t\t\t<svg aria-hidden=\"true\" class=\"e-font-icon-svg e-fas-circle\" viewBox=\"0 0 512 512\" xmlns=\"http:\/\/www.w3.org\/2000\/svg\"><path d=\"M256 8C119 8 8 119 8 256s111 248 248 248 248-111 248-248S393 8 256 8z\"><\/path><\/svg>\t\t\t\t\t\t<\/span>\n\t\t\t\t\t\t\t\t\t\t<span class=\"elementor-icon-list-text\">Seguro complementario de vida, desde $250,000.00 hasta $1,000,000.00 de pesos<\/span>\n\t\t\t\t\t\t\t\t\t<\/li>\n\t\t\t\t\t\t<\/ul>\n\t\t\t\t\t\t<\/div>\n\t\t\t\t<\/div>\n\t\t\t\t<div class=\"elementor-element elementor-element-fa5650d elementor-widget elementor-widget-text-editor\" data-id=\"fa5650d\" data-element_type=\"widget\" data-widget_type=\"text-editor.default\">\n\t\t\t\t<div class=\"elementor-widget-container\">\n\t\t\t\t\t\t\t\t\t<p>Los beneficios de un fideicomiso educacional<\/p>\t\t\t\t\t\t\t\t<\/div>\n\t\t\t\t<\/div>\n\t\t\t\t<div class=\"elementor-element elementor-element-d77cecd elementor-widget elementor-widget-text-editor\" data-id=\"d77cecd\" data-element_type=\"widget\" data-widget_type=\"text-editor.default\">\n\t\t\t\t<div class=\"elementor-widget-container\">\n\t\t\t\t\t\t\t\t\t<p>Allianz ofrece a sus clientes un fideicomiso educacional, en donde los contratantes obtendr\u00e1n un beneficio fiscal de acuerdo con ell Art. 90 de la LISR, el cual menciona lo siguiente: \u201cNo se consideran ingresos obtenidos por los contribuyentes, los rendimientos de bienes entregados en fideicomiso, en cuanto \u00e9stos sean utilizados para financiar la educaci\u00f3n hasta nivel licenciatura de sus descendientes en l\u00ednea recta\u201d.<br \/>Esto le permite al cliente trasladar el plan a un segundo hijo, nieto o bisnieto en caso de que no haya retirado todo el dinero del fondo.<\/p>\t\t\t\t\t\t\t\t<\/div>\n\t\t\t\t<\/div>\n\t\t\t\t<\/div>\n\t\t\t\t\t<\/div>\n\t\t\t\t<\/div>\n\t\t\t\t<\/div>\n\t\t","protected":false},"excerpt":{"rendered":"<p>Planes de educaci\u00f3n para los hijos \u00bfSab\u00edas que el costo de la educaci\u00f3n universitaria en M\u00e9xico de un ni\u00f1o que nace hoy va a ser mayor a un mill\u00f3n de pesos?OptiMaxx educaci\u00f3n de Allianz es el instrumento ideal para construir desde hoy, el patrimonio necesario que te permite asegurar la educaci\u00f3n de tus hijos, libre de preocupaciones financieras.OptiMaxx educaci\u00f3n es el primer plan educacional que te otorga un beneficio fiscal. Hemos creado la figura de un fideicomiso educacional para aprovechar dichos beneficios.En el lamentable caso de que el titular llegara a incapacitarse o fallecer, OptiMaxx educaci\u00f3n ofrece una cobertura a trav\u00e9s de la cual garantiza el cumplimiento de las aportaciones del plan por el resto del plazo. Plan educacional, con beneficios fiscales, que entre otros ofrece: Plan de ahorro a la medida del cliente Aportaci\u00f3n desde $2,000 pesos mensuales Periodicidad: mensual, trimestral, semestral y anual Plazo desde 10 hasta 25 a\u00f1os Opci\u00f3n a diversificar sin costo entre 19 alternativas de inversi\u00f3n Beneficios b\u00e1sicos Cobertura b\u00e1sica ahorro + Cobertura b\u00e1sica por muerte accidental Cobertura b\u00e1sica ahorro + Cobertura b\u00e1sica por fallecimiento e invalidez (Incluye muerte accidental) Beneficios opcionales Seguro por doble aportaci\u00f3n Seguro complementario de vida, desde $250,000.00 hasta $1,000,000.00 de pesos Los beneficios de un fideicomiso educacional Allianz ofrece a sus clientes un fideicomiso educacional, en donde los contratantes obtendr\u00e1n un beneficio fiscal de acuerdo con ell Art. 90 de la LISR, el cual menciona lo siguiente: \u201cNo se consideran ingresos obtenidos por los contribuyentes, los rendimientos de bienes entregados en fideicomiso, en cuanto \u00e9stos sean utilizados para financiar la educaci\u00f3n hasta nivel licenciatura de sus descendientes en l\u00ednea recta\u201d.Esto le permite al cliente trasladar el plan a un segundo hijo, nieto o bisnieto en caso de que no haya retirado todo el dinero del fondo.<\/p>\n","protected":false},"author":1,"featured_media":0,"parent":0,"menu_order":0,"comment_status":"closed","ping_status":"closed","template":"elementor_canvas","meta":{"footnotes":""},"class_list":["post-2253","page","type-page","status-publish","hentry"],"_links":{"self":[{"href":"https:\/\/proyectosjr.com\/index.php\/wp-json\/wp\/v2\/pages\/2253","targetHints":{"allow":["GET"]}}],"collection":[{"href":"https:\/\/proyectosjr.com\/index.php\/wp-json\/wp\/v2\/pages"}],"about":[{"href":"https:\/\/proyectosjr.com\/index.php\/wp-json\/wp\/v2\/types\/page"}],"author":[{"embeddable":true,"href":"https:\/\/proyectosjr.com\/index.php\/wp-json\/wp\/v2\/users\/1"}],"replies":[{"embeddable":true,"href":"https:\/\/proyectosjr.com\/index.php\/wp-json\/wp\/v2\/comments?post=2253"}],"version-history":[{"count":4,"href":"https:\/\/proyectosjr.com\/index.php\/wp-json\/wp\/v2\/pages\/2253\/revisions"}],"predecessor-version":[{"id":2257,"href":"https:\/\/proyectosjr.com\/index.php\/wp-json\/wp\/v2\/pages\/2253\/revisions\/2257"}],"wp:attachment":[{"href":"https:\/\/proyectosjr.com\/index.php\/wp-json\/wp\/v2\/media?parent=2253"}],"curies":[{"name":"wp","href":"https:\/\/api.w.org\/{rel}","templated":true}]}}